{"id":1097,"date":"2025-09-16T13:21:50","date_gmt":"2025-09-16T16:21:50","guid":{"rendered":"https:\/\/www.abrasivosiaepe.com.ar\/iaepe\/?page_id=1097"},"modified":"2025-09-22T14:45:52","modified_gmt":"2025-09-22T17:45:52","slug":"iaepe-abrasivos-convertidor-y-distribuidor-oficial-3m","status":"publish","type":"page","link":"https:\/\/www.abrasivosiaepe.com.ar\/iaepe\/novedades\/iaepe-abrasivos-convertidor-y-distribuidor-oficial-3m\/","title":{"rendered":"IAEPE Abrasivos convertidor y distribuidor oficial 3M"},"content":{"rendered":"<p>[et_pb_section fb_built=&#8221;1&#8243; fullwidth=&#8221;on&#8221; _builder_version=&#8221;4.17.0&#8243; _module_preset=&#8221;default&#8221; global_colors_info=&#8221;{}&#8221;][et_pb_fullwidth_slider _builder_version=&#8221;4.17.0&#8243; _module_preset=&#8221;default&#8221; custom_padding=&#8221;||50px||false|false&#8221; global_colors_info=&#8221;{}&#8221;][et_pb_slide heading=&#8221;Novedades&#8221; _builder_version=&#8221;4.17.0&#8243; _module_preset=&#8221;default&#8221; header_font=&#8221;Actor|700|||||||&#8221; header_font_size=&#8221;60px&#8221; background_enable_color=&#8221;off&#8221; background_image=&#8221;https:\/\/www.abrasivosiaepe.com.ar\/iaepe\/wp-content\/uploads\/2025\/06\/slide2-2.jpg&#8221; background_enable_image=&#8221;on&#8221; custom_padding=&#8221;50px||||false|false&#8221; header_font_size_tablet=&#8221;60px&#8221; header_font_size_phone=&#8221;35px&#8221; header_font_size_last_edited=&#8221;on|phone&#8221; header_text_shadow_style=&#8221;preset5&#8243; global_colors_info=&#8221;{}&#8221; sticky_transition=&#8221;on&#8221;][\/et_pb_slide][\/et_pb_fullwidth_slider][\/et_pb_section][et_pb_section fb_built=&#8221;1&#8243; _builder_version=&#8221;4.17.0&#8243; _module_preset=&#8221;default&#8221; custom_padding=&#8221;35px|||||&#8221; global_colors_info=&#8221;{}&#8221;][et_pb_row _builder_version=&#8221;4.17.0&#8243; _module_preset=&#8221;default&#8221; custom_padding=&#8221;7px||0px|||&#8221; hover_enabled=&#8221;0&#8243; global_colors_info=&#8221;{}&#8221; width=&#8221;75%&#8221; sticky_enabled=&#8221;0&#8243;][et_pb_column type=&#8221;4_4&#8243; _builder_version=&#8221;4.17.0&#8243; _module_preset=&#8221;default&#8221; global_colors_info=&#8221;{}&#8221;][et_pb_text _builder_version=&#8221;4.17.0&#8243; _module_preset=&#8221;default&#8221; text_font=&#8221;|700|||on||||&#8221; text_font_size=&#8221;18px&#8221; custom_margin=&#8221;||15px|||&#8221; hover_enabled=&#8221;0&#8243; global_colors_info=&#8221;{}&#8221; text_text_color=&#8221;#00457A&#8221; text_orientation=&#8221;center&#8221; sticky_enabled=&#8221;0&#8243;]<\/p>\n<p>IAEPE Abrasivos convertidor y distribuidor oficial 3M<\/p>\n<p>[\/et_pb_text][et_pb_text _builder_version=&#8221;4.17.0&#8243; _module_preset=&#8221;default&#8221; custom_margin=&#8221;||15px|||&#8221; hover_enabled=&#8221;0&#8243; global_colors_info=&#8221;{}&#8221; text_orientation=&#8221;justified&#8221; sticky_enabled=&#8221;0&#8243;]<\/p>\n<p>En <strong>IAEPE<\/strong> Abrasivos nos especializamos en brindar soluciones de alto rendimiento para los procesos industriales, respaldados por la excelencia y la innovaci\u00f3n de 3M, marca l\u00edder a nivel mundial. Somos <strong>convertidores y distribuidores oficiales de 3M<\/strong>, lo que nos permite ofrecer una amplia gama de productos abrasivos adaptados a las necesidades espec\u00edficas de cada cliente.<\/p>\n<p>Como convertidores, contamos con la tecnolog\u00eda y la infraestructura necesaria para transformar los materiales abrasivos de 3M en formatos personalizados: rollos, discos, bandas, hojas y m\u00e1s. Esto nos permite responder con agilidad a los requerimientos del sector metal\u00fargico, automotriz, naval, maderero y muchas otras industrias que demandan precisi\u00f3n y eficiencia en sus procesos de lijado, pulido y acabado.<\/p>\n<p>Adem\u00e1s, como distribuidores oficiales, garantizamos acceso directo a todo el cat\u00e1logo de soluciones abrasivas de 3M, incluyendo sus l\u00edneas m\u00e1s avanzadas como <a href=\"https:\/\/www.abrasivosiaepe.com.ar\/iaepe\/productos\/bandas\/bandas-de-oxido-de-aluminio-ceramico\/\"><strong>Cubitron\u2122 II<\/strong><\/a>, <strong><a href=\"https:\/\/www.abrasivosiaepe.com.ar\/iaepe\/productos\/bandas\/bandas-de-scotch-brite\/\">Scotch-Brite\u2122<\/a><\/strong>, <strong><a href=\"https:\/\/www.abrasivosiaepe.com.ar\/iaepe\/productos\/bandas\/bandas-de-trizact\/\">Trizact\u2122<\/a><\/strong>, y otras tecnolog\u00edas de vanguardia que optimizan el rendimiento, reducen costos operativos y mejoran la seguridad del trabajo.<\/p>\n<p>[\/et_pb_text][\/et_pb_column][\/et_pb_row][et_pb_row _builder_version=&#8221;4.17.0&#8243; _module_preset=&#8221;default&#8221; global_colors_info=&#8221;{}&#8221;][et_pb_column type=&#8221;4_4&#8243; _builder_version=&#8221;4.17.0&#8243; _module_preset=&#8221;default&#8221; global_colors_info=&#8221;{}&#8221;][et_pb_gallery gallery_ids=&#8221;1111,1110,1109,1108,1107,1106,1105,1104,1103,1102&#8243; show_title_and_caption=&#8221;off&#8221; _builder_version=&#8221;4.17.0&#8243; _module_preset=&#8221;default&#8221; hover_enabled=&#8221;0&#8243; global_colors_info=&#8221;{}&#8221; sticky_enabled=&#8221;0&#8243;][\/et_pb_gallery][\/et_pb_column][\/et_pb_row][et_pb_row _builder_version=&#8221;4.17.0&#8243; _module_preset=&#8221;default&#8221; custom_padding=&#8221;7px||0px|||&#8221; hover_enabled=&#8221;0&#8243; global_colors_info=&#8221;{}&#8221; width=&#8221;75%&#8221; sticky_enabled=&#8221;0&#8243;][et_pb_column type=&#8221;4_4&#8243; _builder_version=&#8221;4.17.0&#8243; _module_preset=&#8221;default&#8221; global_colors_info=&#8221;{}&#8221;][et_pb_text _builder_version=&#8221;4.17.0&#8243; _module_preset=&#8221;default&#8221; custom_margin=&#8221;||15px|||&#8221; hover_enabled=&#8221;0&#8243; global_colors_info=&#8221;{}&#8221; text_orientation=&#8221;justified&#8221; sticky_enabled=&#8221;0&#8243;]<\/p>\n<p>Si necesitas asesoramiento personalizado para optimizar tus procesos o elegir el abrasivo ideal, nuestro equipo t\u00e9cnico est\u00e1 a tu disposici\u00f3n. Cont\u00e1ctanos y descubr\u00ed c\u00f3mo en IAEPE Abrasivos podemos ayudarte a encontrar la soluci\u00f3n m\u00e1s eficiente y adaptada a tu industria.<\/p>\n<p>[\/et_pb_text][\/et_pb_column][\/et_pb_row][\/et_pb_section]<\/p>\n","protected":false},"excerpt":{"rendered":"<p>IAEPE Abrasivos convertidor y distribuidor oficial 3MEn IAEPE Abrasivos nos especializamos en brindar soluciones de alto rendimiento para los procesos industriales, respaldados por la excelencia y la innovaci\u00f3n de 3M, marca l\u00edder a nivel mundial. Somos convertidores y distribuidores oficiales de 3M, lo que nos permite ofrecer una amplia gama de productos abrasivos adaptados a [&hellip;]<\/p>\n","protected":false},"author":1,"featured_media":0,"parent":1050,"menu_order":0,"comment_status":"closed","ping_status":"closed","template":"","meta":{"_et_pb_use_builder":"on","_et_pb_old_content":"","_et_gb_content_width":"","footnotes":""},"class_list":["post-1097","page","type-page","status-publish","hentry"],"_links":{"self":[{"href":"https:\/\/www.abrasivosiaepe.com.ar\/iaepe\/wp-json\/wp\/v2\/pages\/1097","targetHints":{"allow":["GET"]}}],"collection":[{"href":"https:\/\/www.abrasivosiaepe.com.ar\/iaepe\/wp-json\/wp\/v2\/pages"}],"about":[{"href":"https:\/\/www.abrasivosiaepe.com.ar\/iaepe\/wp-json\/wp\/v2\/types\/page"}],"author":[{"embeddable":true,"href":"https:\/\/www.abrasivosiaepe.com.ar\/iaepe\/wp-json\/wp\/v2\/users\/1"}],"replies":[{"embeddable":true,"href":"https:\/\/www.abrasivosiaepe.com.ar\/iaepe\/wp-json\/wp\/v2\/comments?post=1097"}],"version-history":[{"count":13,"href":"https:\/\/www.abrasivosiaepe.com.ar\/iaepe\/wp-json\/wp\/v2\/pages\/1097\/revisions"}],"predecessor-version":[{"id":1226,"href":"https:\/\/www.abrasivosiaepe.com.ar\/iaepe\/wp-json\/wp\/v2\/pages\/1097\/revisions\/1226"}],"up":[{"embeddable":true,"href":"https:\/\/www.abrasivosiaepe.com.ar\/iaepe\/wp-json\/wp\/v2\/pages\/1050"}],"wp:attachment":[{"href":"https:\/\/www.abrasivosiaepe.com.ar\/iaepe\/wp-json\/wp\/v2\/media?parent=1097"}],"curies":[{"name":"wp","href":"https:\/\/api.w.org\/{rel}","templated":true}]}}