{"id":1120,"date":"2025-09-16T14:35:27","date_gmt":"2025-09-16T17:35:27","guid":{"rendered":"https:\/\/www.abrasivosiaepe.com.ar\/iaepe\/?page_id=1120"},"modified":"2025-09-23T15:01:49","modified_gmt":"2025-09-23T18:01:49","slug":"iaepe-abrasivos-juntoa-3m-cubriton","status":"publish","type":"page","link":"https:\/\/www.abrasivosiaepe.com.ar\/iaepe\/novedades\/iaepe-abrasivos-juntoa-3m-cubriton\/","title":{"rendered":"IAEPE Abrasivos junto a 3M en el lanzamiento de Cubitron\u2122 3"},"content":{"rendered":"<p>[et_pb_section fb_built=&#8221;1&#8243; fullwidth=&#8221;on&#8221; _builder_version=&#8221;4.17.0&#8243; _module_preset=&#8221;default&#8221; global_colors_info=&#8221;{}&#8221;][et_pb_fullwidth_slider _builder_version=&#8221;4.17.0&#8243; _module_preset=&#8221;default&#8221; custom_padding=&#8221;||50px||false|false&#8221; global_colors_info=&#8221;{}&#8221;][et_pb_slide heading=&#8221;Novedades&#8221; _builder_version=&#8221;4.17.0&#8243; _module_preset=&#8221;default&#8221; header_font=&#8221;Actor|700|||||||&#8221; header_font_size=&#8221;60px&#8221; background_enable_color=&#8221;off&#8221; background_image=&#8221;https:\/\/www.abrasivosiaepe.com.ar\/iaepe\/wp-content\/uploads\/2025\/06\/slide2-2.jpg&#8221; background_enable_image=&#8221;on&#8221; custom_padding=&#8221;50px||||false|false&#8221; header_font_size_tablet=&#8221;60px&#8221; header_font_size_phone=&#8221;35px&#8221; header_font_size_last_edited=&#8221;on|phone&#8221; header_text_shadow_style=&#8221;preset5&#8243; global_colors_info=&#8221;{}&#8221; sticky_transition=&#8221;on&#8221;][\/et_pb_slide][\/et_pb_fullwidth_slider][\/et_pb_section][et_pb_section fb_built=&#8221;1&#8243; _builder_version=&#8221;4.17.0&#8243; _module_preset=&#8221;default&#8221; custom_padding=&#8221;35px|||||&#8221; global_colors_info=&#8221;{}&#8221;][et_pb_row _builder_version=&#8221;4.17.0&#8243; _module_preset=&#8221;default&#8221; custom_padding=&#8221;7px||0px|||&#8221; global_colors_info=&#8221;{}&#8221;][et_pb_column type=&#8221;4_4&#8243; _builder_version=&#8221;4.17.0&#8243; _module_preset=&#8221;default&#8221; global_colors_info=&#8221;{}&#8221;][et_pb_text _builder_version=&#8221;4.17.0&#8243; _module_preset=&#8221;default&#8221; text_font=&#8221;|700|||on||||&#8221; text_text_color=&#8221;#00457A&#8221; text_font_size=&#8221;18px&#8221; text_orientation=&#8221;center&#8221; custom_margin=&#8221;||15px|||&#8221; global_colors_info=&#8221;{}&#8221;]<\/p>\n<p><span>IAEPE Abrasivos junto a 3M en el lanzamiento de Cubitron\u2122 3<\/span><\/p>\n<p>[\/et_pb_text][\/et_pb_column][\/et_pb_row][et_pb_row column_structure=&#8221;2_3,1_3&#8243; _builder_version=&#8221;4.17.0&#8243; _module_preset=&#8221;default&#8221; custom_padding=&#8221;7px||0px|||&#8221; global_colors_info=&#8221;{}&#8221;][et_pb_column type=&#8221;2_3&#8243; _builder_version=&#8221;4.17.0&#8243; _module_preset=&#8221;default&#8221; global_colors_info=&#8221;{}&#8221;][et_pb_text _builder_version=&#8221;4.17.0&#8243; _module_preset=&#8221;default&#8221; custom_margin=&#8221;||15px|||&#8221; global_colors_info=&#8221;{}&#8221;]<\/p>\n<p>En <strong>IAEPE<\/strong> Abrasivos tuvimos el orgullo de acompa\u00f1ar a 3M en el lanzamiento oficial de su nueva generaci\u00f3n de abrasivos de alto rendimiento: <strong>Cubitron\u2122 3<\/strong>. Como socios estrat\u00e9gicos y distribuidores oficiales, participamos activamente en este importante hito para la industria, reafirmando nuestro compromiso con la innovaci\u00f3n, la eficiencia y la mejora continua en los procesos de abrasi\u00f3n.<\/p>\n<p><strong>Cubitron\u2122 3<\/strong> representa un salto tecnol\u00f3gico gracias a su grano de forma precisa redise\u00f1ado, que ofrece un corte m\u00e1s r\u00e1pido, fr\u00edo y duradero. Esta nueva l\u00ednea de abrasivos logra mayor productividad, menor desgaste de herramientas y una experiencia de trabajo m\u00e1s segura y confortable para el operario.<\/p>\n<p>Esta nueva gama aprovecha el redise\u00f1o de su tecnolog\u00eda Precision\u2011Shaped Grain (PSG), con mejoras en geometr\u00eda del grano y uni\u00f3n molecular, para ofrecer corte m\u00e1s fr\u00edo, r\u00e1pido y duradero<\/p>\n<p>&nbsp;<\/p>\n<p>[\/et_pb_text][\/et_pb_column][et_pb_column type=&#8221;1_3&#8243; _builder_version=&#8221;4.17.0&#8243; _module_preset=&#8221;default&#8221; global_colors_info=&#8221;{}&#8221;][et_pb_image src=&#8221;https:\/\/www.abrasivosiaepe.com.ar\/iaepe\/wp-content\/uploads\/2025\/09\/3m7.jpg&#8221; title_text=&#8221;3m7&#8243; _builder_version=&#8221;4.17.0&#8243; _module_preset=&#8221;default&#8221; width=&#8221;82%&#8221; module_alignment=&#8221;center&#8221; global_colors_info=&#8221;{}&#8221;][\/et_pb_image][et_pb_image src=&#8221;https:\/\/www.abrasivosiaepe.com.ar\/iaepe\/wp-content\/uploads\/2025\/09\/3m6.jpg&#8221; title_text=&#8221;3m6&#8243; _builder_version=&#8221;4.17.0&#8243; _module_preset=&#8221;default&#8221; width=&#8221;82%&#8221; module_alignment=&#8221;center&#8221; global_colors_info=&#8221;{}&#8221;][\/et_pb_image][\/et_pb_column][\/et_pb_row][et_pb_row _builder_version=&#8221;4.17.0&#8243; _module_preset=&#8221;default&#8221; custom_padding=&#8221;7px||0px|||&#8221; global_colors_info=&#8221;{}&#8221;][et_pb_column type=&#8221;4_4&#8243; _builder_version=&#8221;4.17.0&#8243; _module_preset=&#8221;default&#8221; global_colors_info=&#8221;{}&#8221;][et_pb_text _builder_version=&#8221;4.17.0&#8243; _module_preset=&#8221;default&#8221; custom_margin=&#8221;||15px|||&#8221; global_colors_info=&#8221;{}&#8221;]<\/p>\n<p><strong>Beneficios cuantificados:<\/strong><\/p>\n<p>\u2022 Reducci\u00f3n de la vibraci\u00f3n mano\u2011brazo hasta 88\u202f%.\u2022Durabilidad de hasta 3 veces mayor que Cubitron II.<\/p>\n<p>\u2022 Reducci\u00f3n y del nivel de ruido hasta 70\u202f% respecto a abrasivos anteriores.<\/p>\n<p>\u2022 Tasa de corte entre 10\u202f% y 86\u202f% mayor, seg\u00fan el tipo de disco (corte, desbaste, banda) y la aplicaci\u00f3n.<\/p>\n<p>\u2022 L\u00ednea de productos: incluye discos de corte (T1, T41), discos de desbaste con centro deprimido (T27), bandas abrasivas y discos de fibra (como 1182C y 1187C), optimizados para tareas como eliminaci\u00f3n de soldadura, ranurado y trabajo automatizado.<\/p>\n<p>[\/et_pb_text][et_pb_gallery gallery_ids=&#8221;1240,1241,1242,1243,1244&#8243; show_title_and_caption=&#8221;off&#8221; show_pagination=&#8221;off&#8221; _builder_version=&#8221;4.17.0&#8243; _module_preset=&#8221;default&#8221; global_colors_info=&#8221;{}&#8221;][\/et_pb_gallery][\/et_pb_column][\/et_pb_row][et_pb_row _builder_version=&#8221;4.17.0&#8243; _module_preset=&#8221;default&#8221; min_height=&#8221;71.4px&#8221; custom_padding=&#8221;33px||0px|||&#8221; global_colors_info=&#8221;{}&#8221;][et_pb_column type=&#8221;4_4&#8243; _builder_version=&#8221;4.17.0&#8243; _module_preset=&#8221;default&#8221; global_colors_info=&#8221;{}&#8221;][et_pb_text _builder_version=&#8221;4.17.0&#8243; _module_preset=&#8221;default&#8221; custom_margin=&#8221;||15px|||&#8221; global_colors_info=&#8221;{}&#8221;]<\/p>\n<div class=\"p8-2e03e0a6505f-div\"><span class=\"p8-2e03e0a6505f-span p8-2e03e0a6505f-text001\">Desde<\/span><strong><span class=\"p8-2e03e0a6505f-span p8-2e03e0a6505f-text001\"> <\/span><span class=\"p8-2e03e0a6505f-span p8-2e03e0a6505f-text002\">IAEPE<\/span><\/strong><span class=\"p8-2e03e0a6505f-span p8-2e03e0a6505f-text002\"> <\/span><span class=\"p8-2e03e0a6505f-span p8-2e03e0a6505f-text002\">Abrasivos<\/span><span class=\"p8-2e03e0a6505f-span p8-2e03e0a6505f-text001\"> <\/span><span class=\"p8-2e03e0a6505f-span p8-2e03e0a6505f-text001\">nos<\/span><span class=\"p8-2e03e0a6505f-span p8-2e03e0a6505f-text001\"> <\/span><span class=\"p8-2e03e0a6505f-span p8-2e03e0a6505f-text001\">capacitamos<\/span><span class=\"p8-2e03e0a6505f-span p8-2e03e0a6505f-text001\"> <\/span><span class=\"p8-2e03e0a6505f-span p8-2e03e0a6505f-text001\">constantemente<\/span><span class=\"p8-2e03e0a6505f-span p8-2e03e0a6505f-text001\"> <\/span><span class=\"p8-2e03e0a6505f-span p8-2e03e0a6505f-text001\">para<\/span><span class=\"p8-2e03e0a6505f-span p8-2e03e0a6505f-text001\"> <\/span><span class=\"p8-2e03e0a6505f-span p8-2e03e0a6505f-text001\">seguir<\/span><span class=\"p8-2e03e0a6505f-span p8-2e03e0a6505f-text001\"> <\/span><span class=\"p8-2e03e0a6505f-span p8-2e03e0a6505f-text001\">impulsando<\/span><span class=\"p8-2e03e0a6505f-span p8-2e03e0a6505f-text001\"> <\/span><span class=\"p8-2e03e0a6505f-span p8-2e03e0a6505f-text001\">soluciones <\/span><span class=\"p8-2e03e0a6505f-span p8-2e03e0a6505f-text001\">de<\/span><span class=\"p8-2e03e0a6505f-span p8-2e03e0a6505f-text001\"> <\/span><span class=\"p8-2e03e0a6505f-span p8-2e03e0a6505f-text001\">vanguardia<\/span><span class=\"p8-2e03e0a6505f-span p8-2e03e0a6505f-text001\"> <\/span><span class=\"p8-2e03e0a6505f-span p8-2e03e0a6505f-text001\">y<\/span><span class=\"p8-2e03e0a6505f-span p8-2e03e0a6505f-text001\"> <\/span><span class=\"p8-2e03e0a6505f-span p8-2e03e0a6505f-text001\">asesoramiento<\/span><span class=\"p8-2e03e0a6505f-span p8-2e03e0a6505f-text001\"> <\/span><span class=\"p8-2e03e0a6505f-span p8-2e03e0a6505f-text001\">t\u00e9cnico<\/span><span class=\"p8-2e03e0a6505f-span p8-2e03e0a6505f-text001\"> <\/span><span class=\"p8-2e03e0a6505f-span p8-2e03e0a6505f-text001\">especializado,<\/span><span class=\"p8-2e03e0a6505f-span p8-2e03e0a6505f-text001\"> <\/span><span class=\"p8-2e03e0a6505f-span p8-2e03e0a6505f-text001\">para<\/span><span class=\"p8-2e03e0a6505f-span p8-2e03e0a6505f-text001\"> <\/span><span class=\"p8-2e03e0a6505f-span p8-2e03e0a6505f-text001\">que<\/span><span class=\"p8-2e03e0a6505f-span p8-2e03e0a6505f-text001\"> <\/span><span class=\"p8-2e03e0a6505f-span p8-2e03e0a6505f-text001\">cada<\/span><span class=\"p8-2e03e0a6505f-span p8-2e03e0a6505f-text001\"> <\/span><span class=\"p8-2e03e0a6505f-span p8-2e03e0a6505f-text001\">cliente<\/span><span class=\"p8-2e03e0a6505f-span p8-2e03e0a6505f-text001\"> <\/span><span class=\"p8-2e03e0a6505f-span p8-2e03e0a6505f-text001\">aproveche<\/span><span class=\"p8-2e03e0a6505f-span p8-2e03e0a6505f-text001\"> <\/span><span class=\"p8-2e03e0a6505f-span p8-2e03e0a6505f-text001\">al <\/span><span class=\"p8-2e03e0a6505f-span p8-2e03e0a6505f-text001\">m\u00e1ximo los beneficios de este nuevo est\u00e1ndar en abrasivos.<\/span><\/div>\n<div class=\"p8-2e03e0a6505f-div\"><span class=\"p8-2e03e0a6505f-span p8-2e03e0a6505f-text004\"><\/span><\/div>\n<div class=\"p8-2e03e0a6505f-div\"><span class=\"p8-2e03e0a6505f-span p8-2e03e0a6505f-text004\">\ud83d\udce9<\/span><span class=\"p8-2e03e0a6505f-span p8-2e03e0a6505f-text001\"> Cont\u00e1ctanos para conocer m\u00e1s o recibir asesoramiento personalizado<\/span><\/div>\n<p>[\/et_pb_text][\/et_pb_column][\/et_pb_row][\/et_pb_section]<\/p>\n","protected":false},"excerpt":{"rendered":"<p>IAEPE Abrasivos junto a 3M en el lanzamiento de Cubitron\u2122 3En IAEPE Abrasivos tuvimos el orgullo de acompa\u00f1ar a 3M en el lanzamiento oficial de su nueva generaci\u00f3n de abrasivos de alto rendimiento: Cubitron\u2122 3. Como socios estrat\u00e9gicos y distribuidores oficiales, participamos activamente en este importante hito para la industria, reafirmando nuestro compromiso con la [&hellip;]<\/p>\n","protected":false},"author":1,"featured_media":0,"parent":1050,"menu_order":0,"comment_status":"closed","ping_status":"closed","template":"","meta":{"_et_pb_use_builder":"on","_et_pb_old_content":"","_et_gb_content_width":"","footnotes":""},"class_list":["post-1120","page","type-page","status-publish","hentry"],"_links":{"self":[{"href":"https:\/\/www.abrasivosiaepe.com.ar\/iaepe\/wp-json\/wp\/v2\/pages\/1120","targetHints":{"allow":["GET"]}}],"collection":[{"href":"https:\/\/www.abrasivosiaepe.com.ar\/iaepe\/wp-json\/wp\/v2\/pages"}],"about":[{"href":"https:\/\/www.abrasivosiaepe.com.ar\/iaepe\/wp-json\/wp\/v2\/types\/page"}],"author":[{"embeddable":true,"href":"https:\/\/www.abrasivosiaepe.com.ar\/iaepe\/wp-json\/wp\/v2\/users\/1"}],"replies":[{"embeddable":true,"href":"https:\/\/www.abrasivosiaepe.com.ar\/iaepe\/wp-json\/wp\/v2\/comments?post=1120"}],"version-history":[{"count":16,"href":"https:\/\/www.abrasivosiaepe.com.ar\/iaepe\/wp-json\/wp\/v2\/pages\/1120\/revisions"}],"predecessor-version":[{"id":1252,"href":"https:\/\/www.abrasivosiaepe.com.ar\/iaepe\/wp-json\/wp\/v2\/pages\/1120\/revisions\/1252"}],"up":[{"embeddable":true,"href":"https:\/\/www.abrasivosiaepe.com.ar\/iaepe\/wp-json\/wp\/v2\/pages\/1050"}],"wp:attachment":[{"href":"https:\/\/www.abrasivosiaepe.com.ar\/iaepe\/wp-json\/wp\/v2\/media?parent=1120"}],"curies":[{"name":"wp","href":"https:\/\/api.w.org\/{rel}","templated":true}]}}