{"id":1130,"date":"2025-09-16T15:21:00","date_gmt":"2025-09-16T18:21:00","guid":{"rendered":"https:\/\/www.abrasivosiaepe.com.ar\/iaepe\/?page_id=1130"},"modified":"2025-09-22T15:15:16","modified_gmt":"2025-09-22T18:15:16","slug":"iaepe-abrasivos-tambien-en-mercado-libre","status":"publish","type":"page","link":"https:\/\/www.abrasivosiaepe.com.ar\/iaepe\/novedades\/iaepe-abrasivos-tambien-en-mercado-libre\/","title":{"rendered":"IAEPE Abrasivos tambi\u00e9n en Mercado Libre"},"content":{"rendered":"<p>[et_pb_section fb_built=&#8221;1&#8243; fullwidth=&#8221;on&#8221; _builder_version=&#8221;4.17.0&#8243; _module_preset=&#8221;default&#8221; global_colors_info=&#8221;{}&#8221;][et_pb_fullwidth_slider _builder_version=&#8221;4.17.0&#8243; _module_preset=&#8221;default&#8221; custom_padding=&#8221;||50px||false|false&#8221; hover_enabled=&#8221;0&#8243; global_colors_info=&#8221;{}&#8221; sticky_enabled=&#8221;0&#8243;][et_pb_slide heading=&#8221;Novedades&#8221; _builder_version=&#8221;4.17.0&#8243; _module_preset=&#8221;default&#8221; header_font=&#8221;Actor|700|||||||&#8221; header_font_size=&#8221;60px&#8221; background_enable_color=&#8221;off&#8221; background_image=&#8221;https:\/\/www.abrasivosiaepe.com.ar\/iaepe\/wp-content\/uploads\/2025\/09\/nove.jpg&#8221; background_enable_image=&#8221;on&#8221; custom_padding=&#8221;50px||||false|false&#8221; hover_enabled=&#8221;0&#8243; header_font_size_tablet=&#8221;60px&#8221; header_font_size_phone=&#8221;35px&#8221; header_font_size_last_edited=&#8221;on|phone&#8221; header_text_shadow_style=&#8221;preset5&#8243; global_colors_info=&#8221;{}&#8221; sticky_transition=&#8221;on&#8221; title_text=&#8221;nove&#8221; sticky_enabled=&#8221;0&#8243;][\/et_pb_slide][\/et_pb_fullwidth_slider][\/et_pb_section][et_pb_section fb_built=&#8221;1&#8243; _builder_version=&#8221;4.17.0&#8243; _module_preset=&#8221;default&#8221; custom_padding=&#8221;35px|||||&#8221; global_colors_info=&#8221;{}&#8221;][et_pb_row _builder_version=&#8221;4.17.0&#8243; _module_preset=&#8221;default&#8221; custom_padding=&#8221;7px||0px|||&#8221; global_colors_info=&#8221;{}&#8221;][et_pb_column type=&#8221;4_4&#8243; _builder_version=&#8221;4.17.0&#8243; _module_preset=&#8221;default&#8221; global_colors_info=&#8221;{}&#8221;][et_pb_text _builder_version=&#8221;4.17.0&#8243; _module_preset=&#8221;default&#8221; text_font=&#8221;|700|||on||||&#8221; text_font_size=&#8221;18px&#8221; custom_margin=&#8221;||15px|||&#8221; hover_enabled=&#8221;0&#8243; global_colors_info=&#8221;{}&#8221; text_text_color=&#8221;#00457A&#8221; text_orientation=&#8221;center&#8221; sticky_enabled=&#8221;0&#8243;]<\/p>\n<p>IAEPE Abrasivos tambi\u00e9n en Mercado Libre<\/p>\n<p>[\/et_pb_text][\/et_pb_column][\/et_pb_row][et_pb_row _builder_version=&#8221;4.17.0&#8243; _module_preset=&#8221;default&#8221; custom_padding=&#8221;7px||0px|||&#8221; global_colors_info=&#8221;{}&#8221;][et_pb_column type=&#8221;4_4&#8243; _builder_version=&#8221;4.17.0&#8243; _module_preset=&#8221;default&#8221; global_colors_info=&#8221;{}&#8221;][et_pb_text _builder_version=&#8221;4.17.0&#8243; _module_preset=&#8221;default&#8221; custom_margin=&#8221;||15px|||&#8221; hover_enabled=&#8221;0&#8243; global_colors_info=&#8221;{}&#8221; text_orientation=&#8221;justified&#8221; sticky_enabled=&#8221;0&#8243;]<\/p>\n<p>Desde <strong>IAEPE<\/strong> Abrasivos seguimos creciendo y adapt\u00e1ndonos a las nuevas formas de compra, por eso dimos un nuevo paso y comenzamos a vender nuestros productos a trav\u00e9s de Mercado Libre.Esta nueva plataforma nos permite acercarnos a m\u00e1s usuarios de todo el pa\u00eds, facilitando el acceso a nuestros abrasivos industriales de alta calidad con la confianza y el respaldo que nos caracteriza como distribuidores oficiales de 3M, Hermes, Saint Gobaint, entre otros.<\/p>\n<p>[\/et_pb_text][\/et_pb_column][\/et_pb_row][et_pb_row column_structure=&#8221;1_3,1_3,1_3&#8243; use_custom_gutter=&#8221;on&#8221; _builder_version=&#8221;4.17.0&#8243; _module_preset=&#8221;default&#8221; width=&#8221;73%&#8221; global_colors_info=&#8221;{}&#8221;][et_pb_column type=&#8221;1_3&#8243; _builder_version=&#8221;4.17.0&#8243; _module_preset=&#8221;default&#8221; global_colors_info=&#8221;{}&#8221;][et_pb_icon font_icon=&#8221;&#xf59d;||fa||900&#8243; icon_color=&#8221;#313185&#8243; icon_width=&#8221;50px&#8221; _builder_version=&#8221;4.17.0&#8243; _module_preset=&#8221;default&#8221; custom_margin=&#8221;||16px|||&#8221; global_colors_info=&#8221;{}&#8221;][\/et_pb_icon][et_pb_text _builder_version=&#8221;4.17.0&#8243; _module_preset=&#8221;default&#8221; text_font=&#8221;|700|||||||&#8221; text_text_color=&#8221;#313185&#8243; text_font_size=&#8221;18px&#8221; text_orientation=&#8221;center&#8221; global_colors_info=&#8221;{}&#8221;]<\/p>\n<p>Envios<\/p>\n<p>[\/et_pb_text][\/et_pb_column][et_pb_column type=&#8221;1_3&#8243; _builder_version=&#8221;4.17.0&#8243; _module_preset=&#8221;default&#8221; global_colors_info=&#8221;{}&#8221;][et_pb_icon font_icon=&#8221;&#xf09d;||fa||400&#8243; icon_color=&#8221;#313185&#8243; icon_width=&#8221;50px&#8221; _builder_version=&#8221;4.17.0&#8243; _module_preset=&#8221;default&#8221; custom_margin=&#8221;||16px|||&#8221; global_colors_info=&#8221;{}&#8221;][\/et_pb_icon][et_pb_text _builder_version=&#8221;4.17.0&#8243; _module_preset=&#8221;default&#8221; text_font=&#8221;|700|||||||&#8221; text_text_color=&#8221;#313185&#8243; text_font_size=&#8221;18px&#8221; text_orientation=&#8221;center&#8221; global_colors_info=&#8221;{}&#8221;]<\/p>\n<p>Medios de Pago<\/p>\n<p>[\/et_pb_text][\/et_pb_column][et_pb_column type=&#8221;1_3&#8243; _builder_version=&#8221;4.17.0&#8243; _module_preset=&#8221;default&#8221; global_colors_info=&#8221;{}&#8221;][et_pb_icon font_icon=&#8221;&#xe066;||divi||400&#8243; icon_color=&#8221;#313185&#8243; icon_width=&#8221;50px&#8221; _builder_version=&#8221;4.17.0&#8243; _module_preset=&#8221;default&#8221; custom_margin=&#8221;||15px|||&#8221; global_colors_info=&#8221;{}&#8221;][\/et_pb_icon][et_pb_text _builder_version=&#8221;4.17.0&#8243; _module_preset=&#8221;default&#8221; text_font=&#8221;|700|||||||&#8221; text_text_color=&#8221;#313185&#8243; text_font_size=&#8221;18px&#8221; text_orientation=&#8221;center&#8221; global_colors_info=&#8221;{}&#8221;]<\/p>\n<p>Preguntas Frecuentes<\/p>\n<p>[\/et_pb_text][\/et_pb_column][\/et_pb_row][et_pb_row _builder_version=&#8221;4.17.0&#8243; _module_preset=&#8221;default&#8221; custom_padding=&#8221;7px||0px|||&#8221; global_colors_info=&#8221;{}&#8221;][et_pb_column type=&#8221;4_4&#8243; _builder_version=&#8221;4.17.0&#8243; _module_preset=&#8221;default&#8221; global_colors_info=&#8221;{}&#8221;][et_pb_text _builder_version=&#8221;4.17.0&#8243; _module_preset=&#8221;default&#8221; custom_margin=&#8221;||15px|||&#8221; hover_enabled=&#8221;0&#8243; global_colors_info=&#8221;{}&#8221; text_orientation=&#8221;justified&#8221; sticky_enabled=&#8221;0&#8243;]<\/p>\n<p>Adem\u00e1s de contar con nuestras l\u00edneas m\u00e1s destacadas, brindamos asesoramiento t\u00e9cnico y atenci\u00f3n personalizada para cada compra. Queremos que cada cliente, ya sea empresa o particular, encuentre la soluci\u00f3n abrasiva que realmente necesita. Estamos en pleno proceso de instalaci\u00f3n, sumando productos, afinando detalles log\u00edsticos y mejorando nuestra presencia para brindar una experiencia de compra simple, r\u00e1pida y segura.<\/p>\n<p>[\/et_pb_text][\/et_pb_column][\/et_pb_row][et_pb_row _builder_version=&#8221;4.17.0&#8243; _module_preset=&#8221;default&#8221; custom_padding=&#8221;7px||0px|||&#8221; global_colors_info=&#8221;{}&#8221;][et_pb_column type=&#8221;4_4&#8243; _builder_version=&#8221;4.17.0&#8243; _module_preset=&#8221;default&#8221; global_colors_info=&#8221;{}&#8221;][et_pb_text _builder_version=&#8221;4.17.0&#8243; _module_preset=&#8221;default&#8221; text_font=&#8221;|700|||||||&#8221; text_font_size=&#8221;20px&#8221; text_orientation=&#8221;center&#8221; custom_margin=&#8221;||15px|||&#8221; hover_enabled=&#8221;0&#8243; global_colors_info=&#8221;{}&#8221; text_text_color=&#8221;#00457A&#8221; sticky_enabled=&#8221;0&#8243;]<\/p>\n<div class=\"p8-2e03e0a6505f-div\">\u00a1Seguinos y descubr\u00ed nuestras publicaciones en Mercado Libre!<\/div>\n<p>[\/et_pb_text][\/et_pb_column][\/et_pb_row][\/et_pb_section]<\/p>\n","protected":false},"excerpt":{"rendered":"<p>IAEPE Abrasivos tambi\u00e9n en Mercado LibreDesde IAEPE Abrasivos seguimos creciendo y adapt\u00e1ndonos a las nuevas formas de compra, por eso dimos un nuevo paso y comenzamos a vender nuestros productos a trav\u00e9s de Mercado Libre.Esta nueva plataforma nos permite acercarnos a m\u00e1s usuarios de todo el pa\u00eds, facilitando el acceso a nuestros abrasivos industriales de [&hellip;]<\/p>\n","protected":false},"author":1,"featured_media":0,"parent":1050,"menu_order":0,"comment_status":"closed","ping_status":"closed","template":"","meta":{"_et_pb_use_builder":"on","_et_pb_old_content":"","_et_gb_content_width":"","footnotes":""},"class_list":["post-1130","page","type-page","status-publish","hentry"],"_links":{"self":[{"href":"https:\/\/www.abrasivosiaepe.com.ar\/iaepe\/wp-json\/wp\/v2\/pages\/1130","targetHints":{"allow":["GET"]}}],"collection":[{"href":"https:\/\/www.abrasivosiaepe.com.ar\/iaepe\/wp-json\/wp\/v2\/pages"}],"about":[{"href":"https:\/\/www.abrasivosiaepe.com.ar\/iaepe\/wp-json\/wp\/v2\/types\/page"}],"author":[{"embeddable":true,"href":"https:\/\/www.abrasivosiaepe.com.ar\/iaepe\/wp-json\/wp\/v2\/users\/1"}],"replies":[{"embeddable":true,"href":"https:\/\/www.abrasivosiaepe.com.ar\/iaepe\/wp-json\/wp\/v2\/comments?post=1130"}],"version-history":[{"count":10,"href":"https:\/\/www.abrasivosiaepe.com.ar\/iaepe\/wp-json\/wp\/v2\/pages\/1130\/revisions"}],"predecessor-version":[{"id":1235,"href":"https:\/\/www.abrasivosiaepe.com.ar\/iaepe\/wp-json\/wp\/v2\/pages\/1130\/revisions\/1235"}],"up":[{"embeddable":true,"href":"https:\/\/www.abrasivosiaepe.com.ar\/iaepe\/wp-json\/wp\/v2\/pages\/1050"}],"wp:attachment":[{"href":"https:\/\/www.abrasivosiaepe.com.ar\/iaepe\/wp-json\/wp\/v2\/media?parent=1130"}],"curies":[{"name":"wp","href":"https:\/\/api.w.org\/{rel}","templated":true}]}}