{"id":1139,"date":"2025-09-16T15:29:50","date_gmt":"2025-09-16T18:29:50","guid":{"rendered":"https:\/\/www.abrasivosiaepe.com.ar\/iaepe\/?page_id=1139"},"modified":"2025-09-23T15:04:32","modified_gmt":"2025-09-23T18:04:32","slug":"iaepe-abrasivos-tambien-esta-en-las-redes","status":"publish","type":"page","link":"https:\/\/www.abrasivosiaepe.com.ar\/iaepe\/novedades\/iaepe-abrasivos-tambien-esta-en-las-redes\/","title":{"rendered":"IAEPE Abrasivos tambi\u00e9n est\u00e1 en las redes"},"content":{"rendered":"<p>[et_pb_section fb_built=&#8221;1&#8243; fullwidth=&#8221;on&#8221; _builder_version=&#8221;4.17.0&#8243; _module_preset=&#8221;default&#8221; global_colors_info=&#8221;{}&#8221;][et_pb_fullwidth_slider _builder_version=&#8221;4.17.0&#8243; _module_preset=&#8221;default&#8221; custom_padding=&#8221;||50px||false|false&#8221; global_colors_info=&#8221;{}&#8221;][et_pb_slide heading=&#8221;Novedades&#8221; _builder_version=&#8221;4.17.0&#8243; _module_preset=&#8221;default&#8221; header_font=&#8221;Actor|700|||||||&#8221; header_font_size=&#8221;60px&#8221; background_enable_color=&#8221;off&#8221; background_image=&#8221;https:\/\/www.abrasivosiaepe.com.ar\/iaepe\/wp-content\/uploads\/2025\/06\/slide2-2.jpg&#8221; background_enable_image=&#8221;on&#8221; custom_padding=&#8221;50px||||false|false&#8221; header_font_size_tablet=&#8221;60px&#8221; header_font_size_phone=&#8221;35px&#8221; header_font_size_last_edited=&#8221;on|phone&#8221; header_text_shadow_style=&#8221;preset5&#8243; global_colors_info=&#8221;{}&#8221; sticky_transition=&#8221;on&#8221;][\/et_pb_slide][\/et_pb_fullwidth_slider][\/et_pb_section][et_pb_section fb_built=&#8221;1&#8243; _builder_version=&#8221;4.17.0&#8243; _module_preset=&#8221;default&#8221; custom_padding=&#8221;35px|||||&#8221; global_colors_info=&#8221;{}&#8221;][et_pb_row _builder_version=&#8221;4.17.0&#8243; _module_preset=&#8221;default&#8221; custom_padding=&#8221;7px||0px|||&#8221; global_colors_info=&#8221;{}&#8221;][et_pb_column type=&#8221;4_4&#8243; _builder_version=&#8221;4.17.0&#8243; _module_preset=&#8221;default&#8221; global_colors_info=&#8221;{}&#8221;][et_pb_text _builder_version=&#8221;4.17.0&#8243; _module_preset=&#8221;default&#8221; text_font=&#8221;|700|||on||||&#8221; text_text_color=&#8221;#00457A&#8221; text_font_size=&#8221;18px&#8221; text_orientation=&#8221;center&#8221; custom_margin=&#8221;||15px|||&#8221; global_colors_info=&#8221;{}&#8221;]<\/p>\n<p>IAEPE Abrasivos tambi\u00e9n est\u00e1 en las redes<\/p>\n<p>[\/et_pb_text][\/et_pb_column][\/et_pb_row][et_pb_row _builder_version=&#8221;4.17.0&#8243; _module_preset=&#8221;default&#8221; custom_padding=&#8221;7px||0px|||&#8221; global_colors_info=&#8221;{}&#8221;][et_pb_column type=&#8221;4_4&#8243; _builder_version=&#8221;4.17.0&#8243; _module_preset=&#8221;default&#8221; global_colors_info=&#8221;{}&#8221;][et_pb_text _builder_version=&#8221;4.17.0&#8243; _module_preset=&#8221;default&#8221; text_orientation=&#8221;justified&#8221; custom_margin=&#8221;||15px|||&#8221; global_colors_info=&#8221;{}&#8221;]<\/p>\n<p>En <strong>IAEPE Abrasivos<\/strong> no solo trabajamos con productos de alta calidad, tambi\u00e9n apostamos por la cercan\u00eda y el acompa\u00f1amiento constante. Por eso, estamos presentes<br \/>en redes sociales para estar m\u00e1s conectados con vos, compartir novedades, consejos t\u00e9cnicos y mostrar todo lo que hacemos d\u00eda a d\u00eda.Somos especialistas en abrasivos industriales, y te acercamos contenido \u00fatil, lanzamientos, demostraciones, promociones y todo lo que necesitas saber para elegir el producto correcto seg\u00fan tu aplicaci\u00f3n.Adem\u00e1s, respondemos consultas, brindamos asesoramiento personalizado y generamos comunidad con nuestros clientes, colegas y profesionales del sector.<\/p>\n<p>[\/et_pb_text][\/et_pb_column][\/et_pb_row][et_pb_row column_structure=&#8221;1_2,1_2&#8243; use_custom_gutter=&#8221;on&#8221; _builder_version=&#8221;4.17.0&#8243; _module_preset=&#8221;default&#8221; width=&#8221;58%&#8221; module_alignment=&#8221;center&#8221; global_colors_info=&#8221;{}&#8221;][et_pb_column type=&#8221;1_2&#8243; _builder_version=&#8221;4.17.0&#8243; _module_preset=&#8221;default&#8221; global_colors_info=&#8221;{}&#8221;][et_pb_image src=&#8221;https:\/\/www.abrasivosiaepe.com.ar\/iaepe\/wp-content\/uploads\/2025\/09\/face.jpg&#8221; title_text=&#8221;face&#8221; url=&#8221;https:\/\/www.facebook.com\/iaepeabrasivosbsas&#8221; url_new_window=&#8221;on&#8221; align=&#8221;center&#8221; _builder_version=&#8221;4.17.0&#8243; _module_preset=&#8221;default&#8221; width=&#8221;76%&#8221; global_colors_info=&#8221;{}&#8221;][\/et_pb_image][\/et_pb_column][et_pb_column type=&#8221;1_2&#8243; _builder_version=&#8221;4.17.0&#8243; _module_preset=&#8221;default&#8221; global_colors_info=&#8221;{}&#8221;][et_pb_image src=&#8221;https:\/\/www.abrasivosiaepe.com.ar\/iaepe\/wp-content\/uploads\/2025\/09\/insta.jpg&#8221; title_text=&#8221;insta&#8221; url=&#8221;https:\/\/www.instagram.com\/iaepe.abrasivos\/&#8221; url_new_window=&#8221;on&#8221; align=&#8221;center&#8221; _builder_version=&#8221;4.17.0&#8243; _module_preset=&#8221;default&#8221; width=&#8221;76%&#8221; global_colors_info=&#8221;{}&#8221;][\/et_pb_image][\/et_pb_column][\/et_pb_row][et_pb_row _builder_version=&#8221;4.17.0&#8243; _module_preset=&#8221;default&#8221; custom_padding=&#8221;7px||0px|||&#8221; global_colors_info=&#8221;{}&#8221;][et_pb_column type=&#8221;4_4&#8243; _builder_version=&#8221;4.17.0&#8243; _module_preset=&#8221;default&#8221; global_colors_info=&#8221;{}&#8221;][et_pb_text _builder_version=&#8221;4.17.0&#8243; _module_preset=&#8221;default&#8221; text_font=&#8221;|700|||||||&#8221; text_text_color=&#8221;#00457A&#8221; text_font_size=&#8221;18px&#8221; text_orientation=&#8221;center&#8221; custom_margin=&#8221;||15px|||&#8221; hover_enabled=&#8221;0&#8243; global_colors_info=&#8221;{}&#8221; sticky_enabled=&#8221;0&#8243;]<\/p>\n<p>\u00a1Seguinos y forma parte del universo IAEPE!<\/p>\n<p>[\/et_pb_text][et_pb_text _builder_version=&#8221;4.17.0&#8243; _module_preset=&#8221;default&#8221; text_font=&#8221;|700|||||||&#8221; text_text_color=&#8221;#00457A&#8221; text_orientation=&#8221;center&#8221; custom_margin=&#8221;||15px|||&#8221; hover_enabled=&#8221;0&#8243; global_colors_info=&#8221;{}&#8221; sticky_enabled=&#8221;0&#8243;]<\/p>\n<p>Porque la abrasi\u00f3n es t\u00e9cnica, pero tambi\u00e9n es conexi\u00f3n.<\/p>\n<p>[\/et_pb_text][\/et_pb_column][\/et_pb_row][\/et_pb_section]<\/p>\n","protected":false},"excerpt":{"rendered":"<p>IAEPE Abrasivos tambi\u00e9n est\u00e1 en las redesEn IAEPE Abrasivos no solo trabajamos con productos de alta calidad, tambi\u00e9n apostamos por la cercan\u00eda y el acompa\u00f1amiento constante. Por eso, estamos presentesen redes sociales para estar m\u00e1s conectados con vos, compartir novedades, consejos t\u00e9cnicos y mostrar todo lo que hacemos d\u00eda a d\u00eda.Somos especialistas en abrasivos industriales, [&hellip;]<\/p>\n","protected":false},"author":1,"featured_media":0,"parent":1050,"menu_order":0,"comment_status":"closed","ping_status":"closed","template":"","meta":{"_et_pb_use_builder":"on","_et_pb_old_content":"","_et_gb_content_width":"","footnotes":""},"class_list":["post-1139","page","type-page","status-publish","hentry"],"_links":{"self":[{"href":"https:\/\/www.abrasivosiaepe.com.ar\/iaepe\/wp-json\/wp\/v2\/pages\/1139","targetHints":{"allow":["GET"]}}],"collection":[{"href":"https:\/\/www.abrasivosiaepe.com.ar\/iaepe\/wp-json\/wp\/v2\/pages"}],"about":[{"href":"https:\/\/www.abrasivosiaepe.com.ar\/iaepe\/wp-json\/wp\/v2\/types\/page"}],"author":[{"embeddable":true,"href":"https:\/\/www.abrasivosiaepe.com.ar\/iaepe\/wp-json\/wp\/v2\/users\/1"}],"replies":[{"embeddable":true,"href":"https:\/\/www.abrasivosiaepe.com.ar\/iaepe\/wp-json\/wp\/v2\/comments?post=1139"}],"version-history":[{"count":9,"href":"https:\/\/www.abrasivosiaepe.com.ar\/iaepe\/wp-json\/wp\/v2\/pages\/1139\/revisions"}],"predecessor-version":[{"id":1255,"href":"https:\/\/www.abrasivosiaepe.com.ar\/iaepe\/wp-json\/wp\/v2\/pages\/1139\/revisions\/1255"}],"up":[{"embeddable":true,"href":"https:\/\/www.abrasivosiaepe.com.ar\/iaepe\/wp-json\/wp\/v2\/pages\/1050"}],"wp:attachment":[{"href":"https:\/\/www.abrasivosiaepe.com.ar\/iaepe\/wp-json\/wp\/v2\/media?parent=1139"}],"curies":[{"name":"wp","href":"https:\/\/api.w.org\/{rel}","templated":true}]}}