{"id":1258,"date":"2025-09-23T15:10:52","date_gmt":"2025-09-23T18:10:52","guid":{"rendered":"https:\/\/www.abrasivosiaepe.com.ar\/iaepe\/?page_id=1258"},"modified":"2025-09-23T15:58:35","modified_gmt":"2025-09-23T18:58:35","slug":"nuestros-productos","status":"publish","type":"page","link":"https:\/\/www.abrasivosiaepe.com.ar\/iaepe\/novedades\/nuestros-productos\/","title":{"rendered":"Nuestros productos"},"content":{"rendered":"<p>[et_pb_section fb_built=&#8221;1&#8243; fullwidth=&#8221;on&#8221; _builder_version=&#8221;4.17.0&#8243; _module_preset=&#8221;default&#8221; global_colors_info=&#8221;{}&#8221;][et_pb_fullwidth_slider _builder_version=&#8221;4.17.0&#8243; _module_preset=&#8221;default&#8221; custom_padding=&#8221;||50px||false|false&#8221; global_colors_info=&#8221;{}&#8221;][et_pb_slide heading=&#8221;Novedades&#8221; _builder_version=&#8221;4.17.0&#8243; _module_preset=&#8221;default&#8221; header_font=&#8221;Actor|700|||||||&#8221; header_font_size=&#8221;60px&#8221; background_enable_color=&#8221;off&#8221; background_image=&#8221;https:\/\/www.abrasivosiaepe.com.ar\/iaepe\/wp-content\/uploads\/2025\/09\/nove.jpg&#8221; background_enable_image=&#8221;on&#8221; custom_padding=&#8221;50px||||false|false&#8221; header_font_size_tablet=&#8221;60px&#8221; header_font_size_phone=&#8221;35px&#8221; header_font_size_last_edited=&#8221;on|phone&#8221; header_text_shadow_style=&#8221;preset5&#8243; global_colors_info=&#8221;{}&#8221; sticky_transition=&#8221;on&#8221;][\/et_pb_slide][\/et_pb_fullwidth_slider][\/et_pb_section][et_pb_section fb_built=&#8221;1&#8243; _builder_version=&#8221;4.17.0&#8243; _module_preset=&#8221;default&#8221; custom_padding=&#8221;35px|||||&#8221; global_colors_info=&#8221;{}&#8221;][et_pb_row _builder_version=&#8221;4.17.0&#8243; _module_preset=&#8221;default&#8221; custom_padding=&#8221;7px||0px|||&#8221; global_colors_info=&#8221;{}&#8221;][et_pb_column type=&#8221;4_4&#8243; _builder_version=&#8221;4.17.0&#8243; _module_preset=&#8221;default&#8221; global_colors_info=&#8221;{}&#8221;][et_pb_text _builder_version=&#8221;4.17.0&#8243; _module_preset=&#8221;default&#8221; text_font=&#8221;|700|||on||||&#8221; text_text_color=&#8221;#00457A&#8221; text_font_size=&#8221;18px&#8221; text_orientation=&#8221;center&#8221; custom_margin=&#8221;||15px|||&#8221; hover_enabled=&#8221;0&#8243; global_colors_info=&#8221;{}&#8221; sticky_enabled=&#8221;0&#8243;]<\/p>\n<p>\u00a1Todos nuestros productos, al alcance tus manos!<\/p>\n<p>[\/et_pb_text][\/et_pb_column][\/et_pb_row][et_pb_row _builder_version=&#8221;4.17.0&#8243; _module_preset=&#8221;default&#8221; custom_padding=&#8221;7px||0px|||&#8221; global_colors_info=&#8221;{}&#8221;][et_pb_column type=&#8221;4_4&#8243; _builder_version=&#8221;4.17.0&#8243; _module_preset=&#8221;default&#8221; global_colors_info=&#8221;{}&#8221;][et_pb_text _builder_version=&#8221;4.17.0&#8243; _module_preset=&#8221;default&#8221; text_orientation=&#8221;justified&#8221; custom_margin=&#8221;||15px|||&#8221; hover_enabled=&#8221;0&#8243; global_colors_info=&#8221;{}&#8221; sticky_enabled=&#8221;0&#8243;]<\/p>\n<p>En<strong> IAEPE Abrasivos<\/strong> ofrecemos una amplia gama de soluciones para todas las necesidades de abrasi\u00f3n, con productos de la m\u00e1s alta calidad y respaldados por d\u00e9cadas de experiencia.<\/p>\n<p><strong>Contamos con:<\/strong><\/p>\n<p>\u2022 Puntas y lijas montadas para trabajos de precisi\u00f3n.<\/p>\n<p>\u2022 Discos y copas de lija en distintos formatos y calidades.<\/p>\n<p>\u2022 Ruedas y rodillos flap, ideales para terminaciones eficientes.<\/p>\n<p>\u2022 Conversi\u00f3n de bandas de lija adaptadas a cada requerimiento.<\/p>\n<p>\u2022 Limas abrasivas, copas rectas y c\u00f3nicas para m\u00faltiples aplicaciones.<\/p>\n<p>Adem\u00e1s, complementamos nuestra l\u00ednea propia con marcas l\u00edderes a nivel mundial como 3M, Carborundum, Tyrolit y Abrasivos Argentinos, asegurando que nuestros clientes encuentren en un solo lugar todas las alternativas en abrasivos.Con el respaldo de nuestro equipo t\u00e9cnico brindamos soluciones r\u00e1pidas, eficaces y a la medida de cada proyecto.<\/p>\n<p>Con el respaldo de nuestro equipo t\u00e9cnico brindamos soluciones r\u00e1pidas, eficaces y a la medida de cada proyecto.<\/p>\n<p>[\/et_pb_text][\/et_pb_column][\/et_pb_row][et_pb_row _builder_version=&#8221;4.17.0&#8243; _module_preset=&#8221;default&#8221;][et_pb_column _builder_version=&#8221;4.17.0&#8243; _module_preset=&#8221;default&#8221; type=&#8221;4_4&#8243;][et_pb_gallery _builder_version=&#8221;4.17.0&#8243; _module_preset=&#8221;default&#8221; gallery_ids=&#8221;1263,1264,1265,1266,1267,1268,1269&#8243; show_title_and_caption=&#8221;off&#8221; hover_enabled=&#8221;0&#8243; sticky_enabled=&#8221;0&#8243;][\/et_pb_gallery][\/et_pb_column][\/et_pb_row][et_pb_row _builder_version=&#8221;4.17.0&#8243; _module_preset=&#8221;default&#8221; custom_padding=&#8221;7px||0px|||&#8221; global_colors_info=&#8221;{}&#8221;][et_pb_column type=&#8221;4_4&#8243; _builder_version=&#8221;4.17.0&#8243; _module_preset=&#8221;default&#8221; global_colors_info=&#8221;{}&#8221;][et_pb_text _builder_version=&#8221;4.17.0&#8243; _module_preset=&#8221;default&#8221; text_orientation=&#8221;justified&#8221; custom_margin=&#8221;||15px|||&#8221; hover_enabled=&#8221;0&#8243; global_colors_info=&#8221;{}&#8221; sticky_enabled=&#8221;0&#8243;]<\/p>\n<p>No dudes el consultar sobre el abrasivo ideal, para lograr el acabado perfecto.<\/p>\n<p>[\/et_pb_text][\/et_pb_column][\/et_pb_row][\/et_pb_section]<\/p>\n","protected":false},"excerpt":{"rendered":"<p>\u00a1Todos nuestros productos, al alcance tus manos!En IAEPE Abrasivos ofrecemos una amplia gama de soluciones para todas las necesidades de abrasi\u00f3n, con productos de la m\u00e1s alta calidad y respaldados por d\u00e9cadas de experiencia. Contamos con: \u2022 Puntas y lijas montadas para trabajos de precisi\u00f3n. \u2022 Discos y copas de lija en distintos formatos y [&hellip;]<\/p>\n","protected":false},"author":1,"featured_media":0,"parent":1050,"menu_order":0,"comment_status":"closed","ping_status":"closed","template":"","meta":{"_et_pb_use_builder":"on","_et_pb_old_content":"","_et_gb_content_width":"","footnotes":""},"class_list":["post-1258","page","type-page","status-publish","hentry"],"_links":{"self":[{"href":"https:\/\/www.abrasivosiaepe.com.ar\/iaepe\/wp-json\/wp\/v2\/pages\/1258","targetHints":{"allow":["GET"]}}],"collection":[{"href":"https:\/\/www.abrasivosiaepe.com.ar\/iaepe\/wp-json\/wp\/v2\/pages"}],"about":[{"href":"https:\/\/www.abrasivosiaepe.com.ar\/iaepe\/wp-json\/wp\/v2\/types\/page"}],"author":[{"embeddable":true,"href":"https:\/\/www.abrasivosiaepe.com.ar\/iaepe\/wp-json\/wp\/v2\/users\/1"}],"replies":[{"embeddable":true,"href":"https:\/\/www.abrasivosiaepe.com.ar\/iaepe\/wp-json\/wp\/v2\/comments?post=1258"}],"version-history":[{"count":3,"href":"https:\/\/www.abrasivosiaepe.com.ar\/iaepe\/wp-json\/wp\/v2\/pages\/1258\/revisions"}],"predecessor-version":[{"id":1270,"href":"https:\/\/www.abrasivosiaepe.com.ar\/iaepe\/wp-json\/wp\/v2\/pages\/1258\/revisions\/1270"}],"up":[{"embeddable":true,"href":"https:\/\/www.abrasivosiaepe.com.ar\/iaepe\/wp-json\/wp\/v2\/pages\/1050"}],"wp:attachment":[{"href":"https:\/\/www.abrasivosiaepe.com.ar\/iaepe\/wp-json\/wp\/v2\/media?parent=1258"}],"curies":[{"name":"wp","href":"https:\/\/api.w.org\/{rel}","templated":true}]}}