{"id":314,"date":"2025-06-13T14:34:47","date_gmt":"2025-06-13T17:34:47","guid":{"rendered":"https:\/\/www.abrasivosiaepe.com.ar\/iaepe\/?page_id=314"},"modified":"2026-04-16T17:00:42","modified_gmt":"2026-04-16T20:00:42","slug":"anillos-de-lija","status":"publish","type":"page","link":"https:\/\/www.abrasivosiaepe.com.ar\/iaepe\/productos\/abrasivos-revestidos\/anillos-de-lija\/","title":{"rendered":"Anillos de Lija"},"content":{"rendered":"<p>[et_pb_section fb_built=&#8221;1&#8243; fullwidth=&#8221;on&#8221; _builder_version=&#8221;4.17.0&#8243; _module_preset=&#8221;default&#8221; global_colors_info=&#8221;{}&#8221;][et_pb_fullwidth_slider _builder_version=&#8221;4.17.0&#8243; _module_preset=&#8221;default&#8221; custom_padding=&#8221;||50px||false|false&#8221; global_colors_info=&#8221;{}&#8221;][et_pb_slide heading=&#8221;Anillos de Lija&#8221; _builder_version=&#8221;4.17.0&#8243; _module_preset=&#8221;default&#8221; header_font=&#8221;Actor|700|||||||&#8221; header_font_size=&#8221;60px&#8221; background_enable_color=&#8221;off&#8221; background_image=&#8221;https:\/\/www.abrasivosiaepe.com.ar\/iaepe\/wp-content\/uploads\/2025\/09\/titi-abrasivos-2.jpg&#8221; background_enable_image=&#8221;on&#8221; custom_padding=&#8221;50px||||false|false&#8221; header_font_size_tablet=&#8221;60px&#8221; header_font_size_phone=&#8221;35px&#8221; header_font_size_last_edited=&#8221;on|phone&#8221; header_text_shadow_style=&#8221;preset5&#8243; global_colors_info=&#8221;{}&#8221; sticky_transition=&#8221;on&#8221;][\/et_pb_slide][\/et_pb_fullwidth_slider][\/et_pb_section][et_pb_section fb_built=&#8221;1&#8243; _builder_version=&#8221;4.17.0&#8243; _module_preset=&#8221;default&#8221; custom_padding=&#8221;35px|||||&#8221; global_colors_info=&#8221;{}&#8221;][et_pb_row column_structure=&#8221;2_5,3_5&#8243; _builder_version=&#8221;4.17.0&#8243; _module_preset=&#8221;default&#8221; global_colors_info=&#8221;{}&#8221;][et_pb_column type=&#8221;2_5&#8243; _builder_version=&#8221;4.17.0&#8243; _module_preset=&#8221;default&#8221; global_colors_info=&#8221;{}&#8221;][et_pb_image src=&#8221;https:\/\/www.abrasivosiaepe.com.ar\/iaepe\/wp-content\/uploads\/2025\/09\/lija1-2.jpg&#8221; title_text=&#8221;lija1&#8243; align=&#8221;center&#8221; _builder_version=&#8221;4.17.0&#8243; _module_preset=&#8221;default&#8221; hover_enabled=&#8221;0&#8243; global_colors_info=&#8221;{}&#8221; show_in_lightbox=&#8221;on&#8221; sticky_enabled=&#8221;0&#8243;][\/et_pb_image][et_pb_image src=&#8221;https:\/\/www.abrasivosiaepe.com.ar\/iaepe\/wp-content\/uploads\/2025\/09\/lija2-1.jpg&#8221; title_text=&#8221;lija2&#8243; _builder_version=&#8221;4.17.0&#8243; _module_preset=&#8221;default&#8221; hover_enabled=&#8221;0&#8243; global_colors_info=&#8221;{}&#8221; sticky_enabled=&#8221;0&#8243; show_in_lightbox=&#8221;on&#8221;][\/et_pb_image][\/et_pb_column][et_pb_column type=&#8221;3_5&#8243; _builder_version=&#8221;4.17.0&#8243; _module_preset=&#8221;default&#8221; global_colors_info=&#8221;{}&#8221;][et_pb_text _builder_version=&#8221;4.17.0&#8243; _module_preset=&#8221;default&#8221; text_font_size=&#8221;16px&#8221; hover_enabled=&#8221;0&#8243; global_colors_info=&#8221;{}&#8221; sticky_enabled=&#8221;0&#8243;]<\/p>\n<p style=\"text-align: justify;\">Los <strong>ANILLOS DE LIJA<\/strong> <span class=\"p4-ad73351f48c4-span p4-ad73351f48c4-text002\">se<\/span><span class=\"p4-ad73351f48c4-span p4-ad73351f48c4-text002\"> <\/span><span class=\"p4-ad73351f48c4-span p4-ad73351f48c4-text002\">colocan<\/span><span class=\"p4-ad73351f48c4-span p4-ad73351f48c4-text002\"> <\/span><span class=\"p4-ad73351f48c4-span p4-ad73351f48c4-text002\">en<\/span><span class=\"p4-ad73351f48c4-span p4-ad73351f48c4-text002\"> <\/span><span class=\"p4-ad73351f48c4-span p4-ad73351f48c4-text002\">un<\/span><span class=\"p4-ad73351f48c4-span p4-ad73351f48c4-text002\"> <\/span><span class=\"p4-ad73351f48c4-span p4-ad73351f48c4-text002\">mandril<\/span><span class=\"p4-ad73351f48c4-span p4-ad73351f48c4-text002\"> <\/span><span class=\"p4-ad73351f48c4-span p4-ad73351f48c4-text002\">y<\/span><span class=\"p4-ad73351f48c4-span p4-ad73351f48c4-text002\"> <\/span><span class=\"p4-ad73351f48c4-span p4-ad73351f48c4-text002\">son<\/span><span class=\"p4-ad73351f48c4-span p4-ad73351f48c4-text002\"> <\/span><span class=\"p4-ad73351f48c4-span p4-ad73351f48c4-text002\">especiales<\/span><span class=\"p4-ad73351f48c4-span p4-ad73351f48c4-text002\"> <\/span><span class=\"p4-ad73351f48c4-span p4-ad73351f48c4-text002\">para<\/span><span class=\"p4-ad73351f48c4-span p4-ad73351f48c4-text002\"> <\/span><span class=\"p4-ad73351f48c4-span p4-ad73351f48c4-text002\">trabajar<\/span><span class=\"p4-ad73351f48c4-span p4-ad73351f48c4-text002\"> <\/span><span class=\"p4-ad73351f48c4-span p4-ad73351f48c4-text002\">en <\/span><span class=\"p4-ad73351f48c4-span p4-ad73351f48c4-text002\">lugares<\/span><span class=\"p4-ad73351f48c4-span p4-ad73351f48c4-text002\"> <\/span><span class=\"p4-ad73351f48c4-span p4-ad73351f48c4-text002\">de<\/span><span class=\"p4-ad73351f48c4-span p4-ad73351f48c4-text002\"> <\/span><span class=\"p4-ad73351f48c4-span p4-ad73351f48c4-text002\">dif\u00edcil<\/span><span class=\"p4-ad73351f48c4-span p4-ad73351f48c4-text002\"> <\/span><span class=\"p4-ad73351f48c4-span p4-ad73351f48c4-text002\">acceso,<\/span><span class=\"p4-ad73351f48c4-span p4-ad73351f48c4-text002\"> <\/span><span class=\"p4-ad73351f48c4-span p4-ad73351f48c4-text002\">permitiendo<\/span><span class=\"p4-ad73351f48c4-span p4-ad73351f48c4-text002\"> <\/span><span class=\"p4-ad73351f48c4-span p4-ad73351f48c4-text002\">simplemente,<\/span><span class=\"p4-ad73351f48c4-span p4-ad73351f48c4-text002\"> <\/span><span class=\"p4-ad73351f48c4-span p4-ad73351f48c4-text002\">con<\/span><span class=\"p4-ad73351f48c4-span p4-ad73351f48c4-text002\"> <\/span><span class=\"p4-ad73351f48c4-span p4-ad73351f48c4-text002\">el<\/span><span class=\"p4-ad73351f48c4-span p4-ad73351f48c4-text002\"> <\/span><span class=\"p4-ad73351f48c4-span p4-ad73351f48c4-text002\">reemplazo<\/span><span class=\"p4-ad73351f48c4-span p4-ad73351f48c4-text002\"> <\/span><span class=\"p4-ad73351f48c4-span p4-ad73351f48c4-text002\">del<\/span><span class=\"p4-ad73351f48c4-span p4-ad73351f48c4-text002\"> <\/span><span class=\"p4-ad73351f48c4-span p4-ad73351f48c4-text002\">grano, <\/span><span class=\"p4-ad73351f48c4-span p4-ad73351f48c4-text002\">desbastar y pulir sin cambiar la herramienta de trabajo.<\/span><\/p>\n<p>Comercializamos tanto <a href=\"#\"><strong><u>mandriles<\/u><\/strong><\/a> como anillos de lija en los siguientes di\u00e1metros:<\/p>\n<ul>\n<li>Di\u00e1metro 6 mm.<\/li>\n<li>Di\u00e1metro 10 mm.<\/li>\n<li>Di\u00e1metro 15 mm.<\/li>\n<li>Di\u00e1metro 19 mm.<\/li>\n<li>Di\u00e1metro 25 mm.<\/li>\n<li>Di\u00e1metro 30 mm.<\/li>\n<li>Di\u00e1metro 45 mm.<\/li>\n<\/ul>\n<p><span class=\"p4-ad73351f48c4-span p4-ad73351f48c4-text002\">Los<\/span><span class=\"p4-ad73351f48c4-span p4-ad73351f48c4-text002\"> <\/span><span class=\"p4-ad73351f48c4-span p4-ad73351f48c4-text002\">anillos<\/span><span class=\"p4-ad73351f48c4-span p4-ad73351f48c4-text002\"> <\/span><span class=\"p4-ad73351f48c4-span p4-ad73351f48c4-text002\">de<\/span><span class=\"p4-ad73351f48c4-span p4-ad73351f48c4-text002\"> <\/span><span class=\"p4-ad73351f48c4-span p4-ad73351f48c4-text002\">lija<\/span><span class=\"p4-ad73351f48c4-span p4-ad73351f48c4-text002\"> <\/span><span class=\"p4-ad73351f48c4-span p4-ad73351f48c4-text002\">se<\/span><span class=\"p4-ad73351f48c4-span p4-ad73351f48c4-text002\"> <\/span><span class=\"p4-ad73351f48c4-span p4-ad73351f48c4-text002\">encuentran<\/span><span class=\"p4-ad73351f48c4-span p4-ad73351f48c4-text002\"> <\/span><span class=\"p4-ad73351f48c4-span p4-ad73351f48c4-text002\">disponibles<\/span><span class=\"p4-ad73351f48c4-span p4-ad73351f48c4-text002\"> <\/span><span class=\"p4-ad73351f48c4-span p4-ad73351f48c4-text002\">en<\/span><span class=\"p4-ad73351f48c4-span p4-ad73351f48c4-text002\"> <\/span><span style=\"text-decoration: underline;\"><a href=\"https:\/\/www.abrasivosiaepe.com.ar\/iaepe\/productos\/bandas\/bandas-de-oxido-de-aluminio\/\"><strong><span class=\"p4-ad73351f48c4-span p4-ad73351f48c4-text001\">\u00d3xido<\/span><span class=\"p4-ad73351f48c4-span p4-ad73351f48c4-text001\"> <\/span><span class=\"p4-ad73351f48c4-span p4-ad73351f48c4-text001\">de<\/span><span class=\"p4-ad73351f48c4-span p4-ad73351f48c4-text001\"> <\/span><span class=\"p4-ad73351f48c4-span p4-ad73351f48c4-text001\">Aluminio<\/span><\/strong><\/a><\/span><span class=\"p4-ad73351f48c4-span p4-ad73351f48c4-text002\"> <\/span><span class=\"p4-ad73351f48c4-span p4-ad73351f48c4-text002\">para<\/span><span class=\"p4-ad73351f48c4-span p4-ad73351f48c4-text002\"> <\/span><span class=\"p4-ad73351f48c4-span p4-ad73351f48c4-text002\">entrega <\/span><\/p>\n<div class=\"p4-ad73351f48c4-div\"><\/div>\n<p><span class=\"p4-ad73351f48c4-span p4-ad73351f48c4-text002\">inmediata en los siguientes granos:<\/span><br \/><strong><\/strong><a href=\"mailto:serviciotecnico@abrasivosiaepe.com.ar\"><\/a><\/p>\n<p>[\/et_pb_text][et_pb_text _builder_version=&#8221;4.17.0&#8243; _module_preset=&#8221;default&#8221; text_text_color=&#8221;#00457A&#8221; text_font_size=&#8221;16px&#8221; text_orientation=&#8221;center&#8221; global_colors_info=&#8221;{}&#8221;]<\/p>\n<p><strong>36 \/ 50 \/ 60 \/ 80 \/ 120 \/ 150 \/ 180 \/ 220 \/ 240 \/ 280 \/ 320 \/ 400<\/strong><\/p>\n<p>[\/et_pb_text][et_pb_text _builder_version=&#8221;4.17.0&#8243; _module_preset=&#8221;default&#8221; text_font_size=&#8221;16px&#8221; hover_enabled=&#8221;0&#8243; global_colors_info=&#8221;{}&#8221; sticky_enabled=&#8221;0&#8243;]<\/p>\n<p>Tambi\u00e9n comercializamos anillos de lija en otros materiales como <span style=\"text-decoration: underline;\"><a href=\"https:\/\/www.abrasivosiaepe.com.ar\/iaepe\/productos\/bandas\/bandas-de-zirconio\/\">Carburo de Silicio<\/a><\/span><strong>, <span style=\"text-decoration: underline;\"><a href=\"https:\/\/www.abrasivosiaepe.com.ar\/iaepe\/productos\/bandas\/bandas-de-oxido-de-aluminio-ceramico\/\">Cubitr\u00f3n<\/a><\/span> y <a href=\"https:\/\/www.abrasivosiaepe.com.ar\/iaepe\/productos\/bandas\/bandas-de-zirconio\/\"><span style=\"text-decoration: underline;\">Zirconio<\/span><\/a><\/strong>. <span class=\"p4-ad73351f48c4-span p4-ad73351f48c4-text002\">Adem\u00e1s, <\/span><span class=\"p4-ad73351f48c4-span p4-ad73351f48c4-text002\">otra<\/span><span class=\"p4-ad73351f48c4-span p4-ad73351f48c4-text002\"> <\/span><span class=\"p4-ad73351f48c4-span p4-ad73351f48c4-text002\">opci\u00f3n<\/span><span class=\"p4-ad73351f48c4-span p4-ad73351f48c4-text002\"> <\/span><span class=\"p4-ad73351f48c4-span p4-ad73351f48c4-text002\">de<\/span><span class=\"p4-ad73351f48c4-span p4-ad73351f48c4-text002\"> <\/span><span class=\"p4-ad73351f48c4-span p4-ad73351f48c4-text002\">pulido,<\/span><span class=\"p4-ad73351f48c4-span p4-ad73351f48c4-text002\"> <\/span><span class=\"p4-ad73351f48c4-span p4-ad73351f48c4-text002\">son<\/span><span class=\"p4-ad73351f48c4-span p4-ad73351f48c4-text002\"> <\/span><span class=\"p4-ad73351f48c4-span p4-ad73351f48c4-text002\">los<\/span><span class=\"p4-ad73351f48c4-span p4-ad73351f48c4-text002\"> <\/span><span class=\"p4-ad73351f48c4-span p4-ad73351f48c4-text002\">anillos<\/span><span class=\"p4-ad73351f48c4-span p4-ad73351f48c4-text002\"> <\/span><span class=\"p4-ad73351f48c4-span p4-ad73351f48c4-text002\">de<\/span><span class=\"p4-ad73351f48c4-span p4-ad73351f48c4-text002\"> <\/span><strong><span style=\"text-decoration: underline;\"><a href=\"https:\/\/www.abrasivosiaepe.com.ar\/iaepe\/productos\/bandas\/bandas-de-scotch-brite\/\"><span class=\"p4-ad73351f48c4-span p4-ad73351f48c4-text001\">Scotch<\/span><span class=\"p4-ad73351f48c4-span p4-ad73351f48c4-text001\"> <\/span><span class=\"p4-ad73351f48c4-span p4-ad73351f48c4-text001\">Brite<\/span><\/a><\/span><\/strong><span class=\"p4-ad73351f48c4-span p4-ad73351f48c4-text002\">. <\/span>Para dichos materiales consultar stock disponible o demora de fabricaci\u00f3n.<\/p>\n<p><span>Consultanos por medida, material y granulometr\u00eda recomendada <\/span>a: <a href=\"mailto:serviciotecnico@abrasivosiaepe.com.ar\">serviciotecnico@abrasivosiaepe.com.ar<\/a><\/p>\n<p>[\/et_pb_text][et_pb_button button_url=&#8221;https:\/\/www.abrasivosiaepe.com.ar\/iaepe\/productos\/abrasivos-revestidos\/&#8221; button_text=&#8221;Volver&#8221; _builder_version=&#8221;4.17.0&#8243; _module_preset=&#8221;default&#8221; custom_button=&#8221;on&#8221; button_text_size=&#8221;16px&#8221; button_text_color=&#8221;#00208A&#8221; button_border_width=&#8221;0px&#8221; button_font=&#8221;|600|||||||&#8221; button_icon=&#8221;&#x40;||divi||400&#8243; button_icon_placement=&#8221;left&#8221; button_on_hover=&#8221;off&#8221; global_colors_info=&#8221;{}&#8221;][\/et_pb_button][\/et_pb_column][\/et_pb_row][\/et_pb_section]<\/p>\n","protected":false},"excerpt":{"rendered":"<p>Los ANILLOS DE LIJA se colocan en un mandril y son especiales para trabajar en lugares de dif\u00edcil acceso, permitiendo simplemente, con el reemplazo del grano, desbastar y pulir sin cambiar la herramienta de trabajo. Comercializamos tanto mandriles como anillos de lija en los siguientes di\u00e1metros: Di\u00e1metro 6 mm. Di\u00e1metro 10 mm. Di\u00e1metro 15 mm. [&hellip;]<\/p>\n","protected":false},"author":1,"featured_media":0,"parent":334,"menu_order":0,"comment_status":"closed","ping_status":"closed","template":"","meta":{"_et_pb_use_builder":"on","_et_pb_old_content":"","_et_gb_content_width":"","footnotes":""},"class_list":["post-314","page","type-page","status-publish","hentry"],"_links":{"self":[{"href":"https:\/\/www.abrasivosiaepe.com.ar\/iaepe\/wp-json\/wp\/v2\/pages\/314","targetHints":{"allow":["GET"]}}],"collection":[{"href":"https:\/\/www.abrasivosiaepe.com.ar\/iaepe\/wp-json\/wp\/v2\/pages"}],"about":[{"href":"https:\/\/www.abrasivosiaepe.com.ar\/iaepe\/wp-json\/wp\/v2\/types\/page"}],"author":[{"embeddable":true,"href":"https:\/\/www.abrasivosiaepe.com.ar\/iaepe\/wp-json\/wp\/v2\/users\/1"}],"replies":[{"embeddable":true,"href":"https:\/\/www.abrasivosiaepe.com.ar\/iaepe\/wp-json\/wp\/v2\/comments?post=314"}],"version-history":[{"count":31,"href":"https:\/\/www.abrasivosiaepe.com.ar\/iaepe\/wp-json\/wp\/v2\/pages\/314\/revisions"}],"predecessor-version":[{"id":1745,"href":"https:\/\/www.abrasivosiaepe.com.ar\/iaepe\/wp-json\/wp\/v2\/pages\/314\/revisions\/1745"}],"up":[{"embeddable":true,"href":"https:\/\/www.abrasivosiaepe.com.ar\/iaepe\/wp-json\/wp\/v2\/pages\/334"}],"wp:attachment":[{"href":"https:\/\/www.abrasivosiaepe.com.ar\/iaepe\/wp-json\/wp\/v2\/media?parent=314"}],"curies":[{"name":"wp","href":"https:\/\/api.w.org\/{rel}","templated":true}]}}