{"id":325,"date":"2025-06-13T14:43:10","date_gmt":"2025-06-13T17:43:10","guid":{"rendered":"https:\/\/www.abrasivosiaepe.com.ar\/iaepe\/?page_id=325"},"modified":"2026-04-21T13:45:43","modified_gmt":"2026-04-21T16:45:43","slug":"lijas-montadas","status":"publish","type":"page","link":"https:\/\/www.abrasivosiaepe.com.ar\/iaepe\/productos\/abrasivos-revestidos\/lijas-montadas\/","title":{"rendered":"Lijas montadas"},"content":{"rendered":"<p>[et_pb_section fb_built=&#8221;1&#8243; fullwidth=&#8221;on&#8221; _builder_version=&#8221;4.17.0&#8243; _module_preset=&#8221;default&#8221; global_colors_info=&#8221;{}&#8221;][et_pb_fullwidth_slider _builder_version=&#8221;4.17.0&#8243; _module_preset=&#8221;default&#8221; custom_padding=&#8221;||50px||false|false&#8221; global_colors_info=&#8221;{}&#8221;][et_pb_slide heading=&#8221;Lijas montadas&#8221; _builder_version=&#8221;4.17.0&#8243; _module_preset=&#8221;default&#8221; header_font=&#8221;Actor|700|||||||&#8221; header_font_size=&#8221;60px&#8221; background_color=&#8221;#000000&#8243; background_enable_color=&#8221;on&#8221; background_image=&#8221;https:\/\/www.abrasivosiaepe.com.ar\/iaepe\/wp-content\/uploads\/2025\/09\/lijas.jpg&#8221; background_enable_image=&#8221;on&#8221; custom_padding=&#8221;50px||||false|false&#8221; header_font_size_tablet=&#8221;60px&#8221; header_font_size_phone=&#8221;35px&#8221; header_font_size_last_edited=&#8221;on|phone&#8221; header_text_shadow_style=&#8221;preset5&#8243; global_colors_info=&#8221;{}&#8221; sticky_transition=&#8221;on&#8221;][\/et_pb_slide][\/et_pb_fullwidth_slider][\/et_pb_section][et_pb_section fb_built=&#8221;1&#8243; _builder_version=&#8221;4.17.0&#8243; _module_preset=&#8221;default&#8221; custom_padding=&#8221;35px|||||&#8221; global_colors_info=&#8221;{}&#8221;][et_pb_row _builder_version=&#8221;4.17.0&#8243; _module_preset=&#8221;default&#8221; global_colors_info=&#8221;{}&#8221;][et_pb_column type=&#8221;4_4&#8243; _builder_version=&#8221;4.17.0&#8243; _module_preset=&#8221;default&#8221; global_colors_info=&#8221;{}&#8221;][et_pb_text _builder_version=&#8221;4.17.0&#8243; _module_preset=&#8221;default&#8221; text_font_size=&#8221;16px&#8221; hover_enabled=&#8221;0&#8243; global_colors_info=&#8221;{}&#8221; sticky_enabled=&#8221;0&#8243;]<\/p>\n<p><span class=\"p6-ad73351f48c4-span p6-ad73351f48c4-text002\">Las<\/span><span class=\"p6-ad73351f48c4-span p6-ad73351f48c4-text002\"> <\/span><strong><span class=\"p6-ad73351f48c4-span p6-ad73351f48c4-text001\">LIJAS<\/span><span class=\"p6-ad73351f48c4-span p6-ad73351f48c4-text001\"> <\/span><span class=\"p6-ad73351f48c4-span p6-ad73351f48c4-text001\">MONTADAS<\/span><\/strong><span class=\"p6-ad73351f48c4-span p6-ad73351f48c4-text002\"> <\/span><span class=\"p6-ad73351f48c4-span p6-ad73351f48c4-text002\">son productos<\/span><span class=\"p6-ad73351f48c4-span p6-ad73351f48c4-text002\"> <\/span><span class=\"p6-ad73351f48c4-span p6-ad73351f48c4-text002\">abrasivos<\/span><span class=\"p6-ad73351f48c4-span p6-ad73351f48c4-text002\"> <\/span><span class=\"p6-ad73351f48c4-span p6-ad73351f48c4-text002\">compuestos<\/span><span class=\"p6-ad73351f48c4-span p6-ad73351f48c4-text002\"> <\/span><span class=\"p6-ad73351f48c4-span p6-ad73351f48c4-text002\">por<\/span><span class=\"p6-ad73351f48c4-span p6-ad73351f48c4-text002\"> <\/span><span class=\"p6-ad73351f48c4-span p6-ad73351f48c4-text002\">peque\u00f1as<\/span><span class=\"p6-ad73351f48c4-span p6-ad73351f48c4-text002\"> <\/span><span class=\"p6-ad73351f48c4-span p6-ad73351f48c4-text002\">l\u00e1minas<\/span><span class=\"p6-ad73351f48c4-span p6-ad73351f48c4-text002\"> <\/span><span class=\"p6-ad73351f48c4-span p6-ad73351f48c4-text002\">de<\/span><span class=\"p6-ad73351f48c4-span p6-ad73351f48c4-text002\"> <\/span><span class=\"p6-ad73351f48c4-span p6-ad73351f48c4-text002\">tela<\/span><span class=\"p6-ad73351f48c4-span p6-ad73351f48c4-text002\"> <\/span><span class=\"p6-ad73351f48c4-span p6-ad73351f48c4-text002\">abrasiva<\/span><span class=\"p6-ad73351f48c4-span p6-ad73351f48c4-text002\"> <\/span><span class=\"p6-ad73351f48c4-span p6-ad73351f48c4-text002\">en<\/span><span class=\"p6-ad73351f48c4-span p6-ad73351f48c4-text002\"> <\/span><span class=\"p6-ad73351f48c4-span p6-ad73351f48c4-text002\">abanico <\/span><span class=\"p6-ad73351f48c4-span p6-ad73351f48c4-text002\">alrededor<\/span><span class=\"p6-ad73351f48c4-span p6-ad73351f48c4-text002\"> <\/span><span class=\"p6-ad73351f48c4-span p6-ad73351f48c4-text002\">de<\/span><span class=\"p6-ad73351f48c4-span p6-ad73351f48c4-text002\"> <\/span><span class=\"p6-ad73351f48c4-span p6-ad73351f48c4-text002\">un<\/span><span class=\"p6-ad73351f48c4-span p6-ad73351f48c4-text002\"> <\/span><span class=\"p6-ad73351f48c4-span p6-ad73351f48c4-text002\">eje<\/span><span class=\"p6-ad73351f48c4-span p6-ad73351f48c4-text002\"> <\/span><span class=\"p6-ad73351f48c4-span p6-ad73351f48c4-text002\">central<\/span><span class=\"p6-ad73351f48c4-span p6-ad73351f48c4-text002\"> <\/span><span class=\"p6-ad73351f48c4-span p6-ad73351f48c4-text002\">o<\/span><span class=\"p6-ad73351f48c4-span p6-ad73351f48c4-text002\"> <\/span><span class=\"p6-ad73351f48c4-span p6-ad73351f48c4-text002\">perno.<\/span><span class=\"p6-ad73351f48c4-span p6-ad73351f48c4-text002\"> <\/span><span class=\"p6-ad73351f48c4-span p6-ad73351f48c4-text002\">Se<\/span><span class=\"p6-ad73351f48c4-span p6-ad73351f48c4-text002\"> <\/span><span class=\"p6-ad73351f48c4-span p6-ad73351f48c4-text002\">utilizan<\/span><span class=\"p6-ad73351f48c4-span p6-ad73351f48c4-text002\"> <\/span><span class=\"p6-ad73351f48c4-span p6-ad73351f48c4-text002\">con<\/span><span class=\"p6-ad73351f48c4-span p6-ad73351f48c4-text002\"> <\/span><span class=\"p6-ad73351f48c4-span p6-ad73351f48c4-text002\">amoladora<\/span><span class=\"p6-ad73351f48c4-span p6-ad73351f48c4-text002\"> <\/span><span class=\"p6-ad73351f48c4-span p6-ad73351f48c4-text002\">recta<\/span><span class=\"p6-ad73351f48c4-span p6-ad73351f48c4-text002\"> <\/span><span class=\"p6-ad73351f48c4-span p6-ad73351f48c4-text002\">para<\/span><span class=\"p6-ad73351f48c4-span p6-ad73351f48c4-text002\"> <\/span><span class=\"p6-ad73351f48c4-span p6-ad73351f48c4-text002\">desbastar,<\/span><span class=\"p6-ad73351f48c4-span p6-ad73351f48c4-text002\"> <\/span><span class=\"p6-ad73351f48c4-span p6-ad73351f48c4-text002\">pulir<\/span><span class=\"p6-ad73351f48c4-span p6-ad73351f48c4-text002\"> <\/span><span class=\"p6-ad73351f48c4-span p6-ad73351f48c4-text002\">y<\/span><span class=\"p6-ad73351f48c4-span p6-ad73351f48c4-text002\"> <\/span><span class=\"p6-ad73351f48c4-span p6-ad73351f48c4-text002\">limpiar<\/span><span class=\"p6-ad73351f48c4-span p6-ad73351f48c4-text002\"> <\/span><span class=\"p6-ad73351f48c4-span p6-ad73351f48c4-text002\">superficies <\/span><span class=\"p6-ad73351f48c4-span p6-ad73351f48c4-text002\">peque\u00f1as,<\/span><span class=\"p6-ad73351f48c4-span p6-ad73351f48c4-text002\"> <\/span><span class=\"p6-ad73351f48c4-span p6-ad73351f48c4-text002\">irregulares<\/span><span class=\"p6-ad73351f48c4-span p6-ad73351f48c4-text002\"> <\/span><span class=\"p6-ad73351f48c4-span p6-ad73351f48c4-text002\">o<\/span><span class=\"p6-ad73351f48c4-span p6-ad73351f48c4-text002\"> <\/span><span class=\"p6-ad73351f48c4-span p6-ad73351f48c4-text002\">de<\/span><span class=\"p6-ad73351f48c4-span p6-ad73351f48c4-text002\"> <\/span><span class=\"p6-ad73351f48c4-span p6-ad73351f48c4-text002\">dif\u00edcil<\/span><span class=\"p6-ad73351f48c4-span p6-ad73351f48c4-text002\"> <\/span><span class=\"p6-ad73351f48c4-span p6-ad73351f48c4-text002\">acceso.<\/span><span class=\"p6-ad73351f48c4-span p6-ad73351f48c4-text002\"> <\/span><span class=\"p6-ad73351f48c4-span p6-ad73351f48c4-text002\">Son<\/span><span class=\"p6-ad73351f48c4-span p6-ad73351f48c4-text002\"> <\/span><span class=\"p6-ad73351f48c4-span p6-ad73351f48c4-text002\">fundamentales<\/span><span class=\"p6-ad73351f48c4-span p6-ad73351f48c4-text002\"> <\/span><span class=\"p6-ad73351f48c4-span p6-ad73351f48c4-text002\">para<\/span><span class=\"p6-ad73351f48c4-span p6-ad73351f48c4-text002\"> <\/span><span class=\"p6-ad73351f48c4-span p6-ad73351f48c4-text002\">trabajos<\/span><span class=\"p6-ad73351f48c4-span p6-ad73351f48c4-text002\"> <\/span><span class=\"p6-ad73351f48c4-span p6-ad73351f48c4-text002\">de<\/span><span class=\"p6-ad73351f48c4-span p6-ad73351f48c4-text002\"> <\/span><span class=\"p6-ad73351f48c4-span p6-ad73351f48c4-text002\">acabado<\/span><span class=\"p6-ad73351f48c4-span p6-ad73351f48c4-text002\"> <\/span><span class=\"p6-ad73351f48c4-span p6-ad73351f48c4-text002\">y<\/span><span class=\"p6-ad73351f48c4-span p6-ad73351f48c4-text002\"> <\/span><span class=\"p6-ad73351f48c4-span p6-ad73351f48c4-text002\">precisi\u00f3n<\/span><span class=\"p6-ad73351f48c4-span p6-ad73351f48c4-text002\"> <\/span><span class=\"p6-ad73351f48c4-span p6-ad73351f48c4-text002\">donde<\/span><span class=\"p6-ad73351f48c4-span p6-ad73351f48c4-text002\"> <\/span><span class=\"p6-ad73351f48c4-span p6-ad73351f48c4-text002\">una<\/span><span class=\"p6-ad73351f48c4-span p6-ad73351f48c4-text002\"> <\/span><span class=\"p6-ad73351f48c4-span p6-ad73351f48c4-text002\">lija <\/span><span class=\"p6-ad73351f48c4-span p6-ad73351f48c4-text002\">convencional no llega.<\/span><\/p>\n<p>[\/et_pb_text][\/et_pb_column][\/et_pb_row][et_pb_row column_structure=&#8221;1_2,1_2&#8243; _builder_version=&#8221;4.17.0&#8243; _module_preset=&#8221;default&#8221; custom_padding=&#8221;0px|||||&#8221; hover_enabled=&#8221;0&#8243; global_colors_info=&#8221;{}&#8221; sticky_enabled=&#8221;0&#8243;][et_pb_column type=&#8221;1_2&#8243; _builder_version=&#8221;4.17.0&#8243; _module_preset=&#8221;default&#8221; global_colors_info=&#8221;{}&#8221;][et_pb_text _builder_version=&#8221;4.17.0&#8243; _module_preset=&#8221;default&#8221; text_font_size=&#8221;16px&#8221; custom_margin=&#8221;||17px|||&#8221; hover_enabled=&#8221;0&#8243; global_colors_info=&#8221;{}&#8221; sticky_enabled=&#8221;0&#8243;]<\/p>\n<p><strong>Caracter\u00edsticas y usos principales:<\/strong><\/p>\n<p>[\/et_pb_text][et_pb_image src=&#8221;https:\/\/www.abrasivosiaepe.com.ar\/iaepe\/wp-content\/uploads\/2026\/04\/lijas2.jpg&#8221; title_text=&#8221;lijas2&#8243; _builder_version=&#8221;4.17.0&#8243; _module_preset=&#8221;default&#8221; hover_enabled=&#8221;0&#8243; global_colors_info=&#8221;{}&#8221; sticky_enabled=&#8221;0&#8243; show_in_lightbox=&#8221;on&#8221;][\/et_pb_image][et_pb_text _builder_version=&#8221;4.17.0&#8243; _module_preset=&#8221;default&#8221; text_font_size=&#8221;16px&#8221; hover_enabled=&#8221;0&#8243; global_colors_info=&#8221;{}&#8221; sticky_enabled=&#8221;0&#8243;]<\/p>\n<p>Contamos con stock de distintos materiales como:<\/p>\n<p>*Zirconio. <br \/>*Cubitr\u00f3n.<br \/>*\u00d3xido de Aluminio.<\/p>\n<p>Adem\u00e1s de en diversos di\u00e1metros:<\/p>\n<p>-Di\u00e1metro 25 mm.<br \/>-Di\u00e1metro 35 mm.<br \/>-Di\u00e1metro 47 mm.<br \/>-Di\u00e1metro 70 mm.<\/p>\n<p>[\/et_pb_text][\/et_pb_column][et_pb_column type=&#8221;1_2&#8243; _builder_version=&#8221;4.17.0&#8243; _module_preset=&#8221;default&#8221; global_colors_info=&#8221;{}&#8221;][et_pb_text _builder_version=&#8221;4.17.0&#8243; _module_preset=&#8221;default&#8221; text_font_size=&#8221;16px&#8221; hover_enabled=&#8221;0&#8243; global_colors_info=&#8221;{}&#8221; sticky_enabled=&#8221;0&#8243;]<\/p>\n<p><strong>*Dise\u00f1o:<\/strong> Su estructura flexible permite adaptarse a contornos y formas complejas.<\/p>\n<p><strong>*Aplicaciones:<\/strong> Ideales para eliminar \u00f3xido, rebabas de fundici\u00f3n, preparar superficies para pintura o barnizado, o para pulir piezas.<\/p>\n<p><strong>*Compatibilidad:<\/strong> Se montan en taladros, amoladoras rectas o mini tornos.<\/p>\n<p><strong>*Materiales:<\/strong> Funcionan en metales como acero al carbono, acero inoxidable, aluminio, madera y pl\u00e1sticos.<\/p>\n<p>[\/et_pb_text][et_pb_image src=&#8221;https:\/\/www.abrasivosiaepe.com.ar\/iaepe\/wp-content\/uploads\/2026\/04\/lijas-3.jpg&#8221; title_text=&#8221;lijas&#8221; _builder_version=&#8221;4.17.0&#8243; _module_preset=&#8221;default&#8221; hover_enabled=&#8221;0&#8243; global_colors_info=&#8221;{}&#8221; sticky_enabled=&#8221;0&#8243; show_in_lightbox=&#8221;on&#8221;][\/et_pb_image][\/et_pb_column][\/et_pb_row][et_pb_row _builder_version=&#8221;4.17.0&#8243; _module_preset=&#8221;default&#8221; global_colors_info=&#8221;{}&#8221;][et_pb_column type=&#8221;4_4&#8243; _builder_version=&#8221;4.17.0&#8243; _module_preset=&#8221;default&#8221; global_colors_info=&#8221;{}&#8221;][et_pb_text _builder_version=&#8221;4.17.0&#8243; _module_preset=&#8221;default&#8221; text_font_size=&#8221;16px&#8221; hover_enabled=&#8221;0&#8243; global_colors_info=&#8221;{}&#8221; sticky_enabled=&#8221;0&#8243;]<\/p>\n<p>Tambi\u00e9n dependiendo el material contamos con distintos granos para ofrecer.<\/p>\n<p>Teniendo en cuenta el acabado que quieras lograr, vas a tener que variar el grano del material a utilizar:<\/p>\n<p>[\/et_pb_text][et_pb_image src=&#8221;https:\/\/www.abrasivosiaepe.com.ar\/iaepe\/wp-content\/uploads\/2025\/09\/tablalija1.jpg&#8221; title_text=&#8221;tablalija1&#8243; show_in_lightbox=&#8221;on&#8221; align=&#8221;center&#8221; _builder_version=&#8221;4.17.0&#8243; _module_preset=&#8221;default&#8221; width=&#8221;67%&#8221; width_tablet=&#8221;68%&#8221; width_phone=&#8221;68%&#8221; width_last_edited=&#8221;on|phone&#8221; global_colors_info=&#8221;{}&#8221;][\/et_pb_image][et_pb_text _builder_version=&#8221;4.17.0&#8243; _module_preset=&#8221;default&#8221; text_font_size=&#8221;16px&#8221; hover_enabled=&#8221;0&#8243; global_colors_info=&#8221;{}&#8221; sticky_enabled=&#8221;0&#8243;]<\/p>\n<p><span>Consulta por medida y granulometr\u00eda recomendada<\/span>\u00a0a: <a href=\"mailto:serviciotecnico@abrasivosiaepe.com.ar\">serviciotecnico@abrasivosiaepe.com.ar<\/a><\/p>\n<p><span class=\"p2-3dc14b8bbe76-span p2-3dc14b8bbe76-text001\"><\/span><\/p>\n<p>[\/et_pb_text][et_pb_button button_url=&#8221;https:\/\/www.abrasivosiaepe.com.ar\/iaepe\/productos\/abrasivos-revestidos\/&#8221; button_text=&#8221;Volver&#8221; _builder_version=&#8221;4.17.0&#8243; _module_preset=&#8221;default&#8221; custom_button=&#8221;on&#8221; button_text_size=&#8221;16px&#8221; button_text_color=&#8221;#00208A&#8221; button_border_width=&#8221;0px&#8221; button_font=&#8221;|600|||||||&#8221; button_icon=&#8221;&#x40;||divi||400&#8243; button_icon_placement=&#8221;left&#8221; button_on_hover=&#8221;off&#8221; global_colors_info=&#8221;{}&#8221;][\/et_pb_button][\/et_pb_column][\/et_pb_row][\/et_pb_section]<\/p>\n","protected":false},"excerpt":{"rendered":"<p>Las LIJAS MONTADAS son productos abrasivos compuestos por peque\u00f1as l\u00e1minas de tela abrasiva en abanico alrededor de un eje central o perno. Se utilizan con amoladora recta para desbastar, pulir y limpiar superficies peque\u00f1as, irregulares o de dif\u00edcil acceso. Son fundamentales para trabajos de acabado y precisi\u00f3n donde una lija convencional no llega.Caracter\u00edsticas y usos [&hellip;]<\/p>\n","protected":false},"author":1,"featured_media":0,"parent":334,"menu_order":0,"comment_status":"closed","ping_status":"closed","template":"","meta":{"_et_pb_use_builder":"on","_et_pb_old_content":"","_et_gb_content_width":"","footnotes":""},"class_list":["post-325","page","type-page","status-publish","hentry"],"_links":{"self":[{"href":"https:\/\/www.abrasivosiaepe.com.ar\/iaepe\/wp-json\/wp\/v2\/pages\/325","targetHints":{"allow":["GET"]}}],"collection":[{"href":"https:\/\/www.abrasivosiaepe.com.ar\/iaepe\/wp-json\/wp\/v2\/pages"}],"about":[{"href":"https:\/\/www.abrasivosiaepe.com.ar\/iaepe\/wp-json\/wp\/v2\/types\/page"}],"author":[{"embeddable":true,"href":"https:\/\/www.abrasivosiaepe.com.ar\/iaepe\/wp-json\/wp\/v2\/users\/1"}],"replies":[{"embeddable":true,"href":"https:\/\/www.abrasivosiaepe.com.ar\/iaepe\/wp-json\/wp\/v2\/comments?post=325"}],"version-history":[{"count":22,"href":"https:\/\/www.abrasivosiaepe.com.ar\/iaepe\/wp-json\/wp\/v2\/pages\/325\/revisions"}],"predecessor-version":[{"id":1750,"href":"https:\/\/www.abrasivosiaepe.com.ar\/iaepe\/wp-json\/wp\/v2\/pages\/325\/revisions\/1750"}],"up":[{"embeddable":true,"href":"https:\/\/www.abrasivosiaepe.com.ar\/iaepe\/wp-json\/wp\/v2\/pages\/334"}],"wp:attachment":[{"href":"https:\/\/www.abrasivosiaepe.com.ar\/iaepe\/wp-json\/wp\/v2\/media?parent=325"}],"curies":[{"name":"wp","href":"https:\/\/api.w.org\/{rel}","templated":true}]}}