{"id":529,"date":"2025-06-23T15:17:57","date_gmt":"2025-06-23T18:17:57","guid":{"rendered":"https:\/\/www.abrasivosiaepe.com.ar\/iaepe\/?page_id=529"},"modified":"2026-04-23T13:50:59","modified_gmt":"2026-04-23T16:50:59","slug":"puntas-montadas","status":"publish","type":"page","link":"https:\/\/www.abrasivosiaepe.com.ar\/iaepe\/productos\/abrasivos-solidos\/puntas-montadas\/","title":{"rendered":"Puntas montadas"},"content":{"rendered":"<p>[et_pb_section fb_built=&#8221;1&#8243; fullwidth=&#8221;on&#8221; _builder_version=&#8221;4.17.0&#8243; _module_preset=&#8221;default&#8221; global_colors_info=&#8221;{}&#8221;][et_pb_fullwidth_slider _builder_version=&#8221;4.17.0&#8243; _module_preset=&#8221;default&#8221; custom_padding=&#8221;||50px||false|false&#8221; global_colors_info=&#8221;{}&#8221;][et_pb_slide heading=&#8221;Puntas montadas&#8221; _builder_version=&#8221;4.17.0&#8243; _module_preset=&#8221;default&#8221; header_font=&#8221;Actor|700|||||||&#8221; header_font_size=&#8221;60px&#8221; background_enable_color=&#8221;off&#8221; background_image=&#8221;https:\/\/www.abrasivosiaepe.com.ar\/iaepe\/wp-content\/uploads\/2025\/09\/titpuntas.jpg&#8221; background_enable_image=&#8221;on&#8221; custom_padding=&#8221;50px||||false|false&#8221; header_font_size_tablet=&#8221;60px&#8221; header_font_size_phone=&#8221;35px&#8221; header_font_size_last_edited=&#8221;on|phone&#8221; header_text_shadow_style=&#8221;preset5&#8243; global_colors_info=&#8221;{}&#8221; sticky_transition=&#8221;on&#8221;][\/et_pb_slide][\/et_pb_fullwidth_slider][\/et_pb_section][et_pb_section fb_built=&#8221;1&#8243; _builder_version=&#8221;4.17.0&#8243; _module_preset=&#8221;default&#8221; custom_padding=&#8221;35px|||||&#8221; global_colors_info=&#8221;{}&#8221;][et_pb_row _builder_version=&#8221;4.17.0&#8243; _module_preset=&#8221;default&#8221; custom_padding=&#8221;10px||||false|false&#8221; hover_enabled=&#8221;0&#8243; global_colors_info=&#8221;{}&#8221; column_structure=&#8221;1_4,3_4&#8243; sticky_enabled=&#8221;0&#8243; width=&#8221;75%&#8221; use_custom_gutter=&#8221;on&#8221; gutter_width=&#8221;1&#8243;][et_pb_column type=&#8221;1_4&#8243; _builder_version=&#8221;4.17.0&#8243; _module_preset=&#8221;default&#8221; global_colors_info=&#8221;{}&#8221;][et_pb_image src=&#8221;https:\/\/www.abrasivosiaepe.com.ar\/iaepe\/wp-content\/uploads\/2026\/04\/puntas-2.jpg&#8221; _builder_version=&#8221;4.17.0&#8243; _module_preset=&#8221;default&#8221; title_text=&#8221;puntas&#8221; show_in_lightbox=&#8221;on&#8221; min_height=&#8221;181px&#8221; height=&#8221;100px&#8221; hover_enabled=&#8221;0&#8243; sticky_enabled=&#8221;0&#8243; align=&#8221;center&#8221;][\/et_pb_image][\/et_pb_column][et_pb_column type=&#8221;3_4&#8243; _builder_version=&#8221;4.17.0&#8243; _module_preset=&#8221;default&#8221; global_colors_info=&#8221;{}&#8221;][et_pb_text _builder_version=&#8221;4.17.0&#8243; _module_preset=&#8221;default&#8221; text_font_size=&#8221;16px&#8221; hover_enabled=&#8221;0&#8243; global_colors_info=&#8221;{}&#8221; sticky_enabled=&#8221;0&#8243;]<\/p>\n<p style=\"text-align: justify;\">Las <strong>PUNTAS MONTADAS<\/strong> son piedras abrasivas fabricadas en \u00f3xido de aluminio adheridas a un v\u00e1stago de acero. Utilizadas en matricer\u00eda y en la industria metalmec\u00e1nica para el desbaste y pulido de piezas de acero sin templar, con geometr\u00edas complejas.<\/p>\n<p>Se designan con las letras A \/ B \/ W y un n\u00famero que en conjunto determinan su forma y medidas.<\/p>\n<p>[\/et_pb_text][\/et_pb_column][\/et_pb_row][et_pb_row _builder_version=&#8221;4.17.0&#8243; _module_preset=&#8221;default&#8221; custom_padding=&#8221;10px|||||&#8221; hover_enabled=&#8221;0&#8243; global_colors_info=&#8221;{}&#8221; sticky_enabled=&#8221;0&#8243; width=&#8221;76%&#8221;][et_pb_column type=&#8221;4_4&#8243; _builder_version=&#8221;4.17.0&#8243; _module_preset=&#8221;default&#8221; global_colors_info=&#8221;{}&#8221;][et_pb_text _builder_version=&#8221;4.17.0&#8243; _module_preset=&#8221;default&#8221; text_font_size=&#8221;16px&#8221; hover_enabled=&#8221;0&#8243; global_colors_info=&#8221;{}&#8221; sticky_enabled=&#8221;0&#8243;]<\/p>\n<div class=\"p5-3dc14b8bbe76-div\"><span class=\"p5-3dc14b8bbe76-span p5-3dc14b8bbe76-text001\"><span style=\"text-decoration: underline;\"><strong>Recomendaciones de uso:<\/strong><\/span><\/span><\/div>\n<p>&nbsp;<\/p>\n<div class=\"p5-3dc14b8bbe76-div\"><span class=\"p5-3dc14b8bbe76-span p5-3dc14b8bbe76-text001\"><\/span><\/div>\n<div class=\"p5-3dc14b8bbe76-div\"><span class=\"p5-3dc14b8bbe76-span p5-3dc14b8bbe76-text001\">&#8211; No presionar en exceso.<\/span><\/div>\n<div class=\"p5-3dc14b8bbe76-div\"><span class=\"p5-3dc14b8bbe76-span p5-3dc14b8bbe76-text001\">&#8211; Utilizar protecci\u00f3n adecuada.<\/span><\/div>\n<div class=\"p5-3dc14b8bbe76-div\"><span class=\"p5-3dc14b8bbe76-span p5-3dc14b8bbe76-text001\">&#8211; Insertar la piedra en el mandril tan cerca como sea posible.<\/span><\/div>\n<div class=\"p5-3dc14b8bbe76-div\"><span class=\"p5-3dc14b8bbe76-span p5-3dc14b8bbe76-text001\">&#8211; Verificar la tabla de velocidades acorde al di\u00e1metro de la punta montada.<\/span><\/div>\n<div class=\"p5-3dc14b8bbe76-div\"><span class=\"p5-3dc14b8bbe76-span p5-3dc14b8bbe76-text001\">&#8211; Utilizar las puntas montadas con las mismas precauciones que las ruedas de desbaste.<\/span><\/div>\n<div class=\"p5-3dc14b8bbe76-div\"><span class=\"p5-3dc14b8bbe76-span p5-3dc14b8bbe76-text001\"><\/span><\/div>\n<div class=\"p5-3dc14b8bbe76-div\"><\/div>\n<div class=\"p5-3dc14b8bbe76-div\"><span class=\"p5-3dc14b8bbe76-span p5-3dc14b8bbe76-text001\"><\/span><\/div>\n<div class=\"p5-3dc14b8bbe76-div\"><span class=\"p5-3dc14b8bbe76-span p5-3dc14b8bbe76-text001\"><br \/>Contamos con stock en <\/span><strong><span class=\"p5-3dc14b8bbe76-span p5-3dc14b8bbe76-text002\">\u00f3xido de aluminio rosado y gris<\/span><span class=\"p5-3dc14b8bbe76-span p5-3dc14b8bbe76-text001\"> <\/span><\/strong><span class=\"p5-3dc14b8bbe76-span p5-3dc14b8bbe76-text001\">pudiendo cotizar en otros materiales,<\/span><span class=\"p5-3dc14b8bbe76-span p5-3dc14b8bbe76-text001\"> <\/span><span class=\"p5-3dc14b8bbe76-span p5-3dc14b8bbe76-text001\">granos, durezas, porosidades o pernos acorde al trabajo a realizar.<\/span><\/div>\n<div class=\"p5-3dc14b8bbe76-div\"><span class=\"p5-3dc14b8bbe76-span p5-3dc14b8bbe76-text001\"><\/span><\/div>\n<div class=\"p5-3dc14b8bbe76-div\">\n<p><span class=\"p5-3dc14b8bbe76-span p5-3dc14b8bbe76-text001\">Por dudas sobre la punta montada ideal para lo que necesitas, podes consultar nuestro cat\u00e1logo<\/span><a href=\"https:\/\/abrasivosiaepe.com.ar\/Catalogo-PM.pdf\" target=\"_blank\" rel=\"noopener\"><strong><span class=\"p5-3dc14b8bbe76-span p5-3dc14b8bbe76-text001\"><\/span><span class=\"p5-3dc14b8bbe76-span p5-3dc14b8bbe76-text001\"> aqu\u00ed<\/span><\/strong><span class=\"p5-3dc14b8bbe76-span p5-3dc14b8bbe76-text001\">.<\/span><\/a><\/p>\n<div class=\"p5-3dc14b8bbe76-div\"><\/div>\n<\/div>\n<div class=\"p5-3dc14b8bbe76-div\">\n<div class=\"p5-3dc14b8bbe76-div\"><\/div>\n<\/div>\n<p>[\/et_pb_text][\/et_pb_column][\/et_pb_row][et_pb_row _builder_version=&#8221;4.17.0&#8243; _module_preset=&#8221;default&#8221; custom_padding=&#8221;14px||9px|||&#8221; hover_enabled=&#8221;0&#8243; global_colors_info=&#8221;{}&#8221; module_alignment=&#8221;center&#8221; sticky_enabled=&#8221;0&#8243; width=&#8221;76%&#8221;][et_pb_column type=&#8221;4_4&#8243; _builder_version=&#8221;4.17.0&#8243; _module_preset=&#8221;default&#8221; global_colors_info=&#8221;{}&#8221;][et_pb_gallery gallery_ids=&#8221;532,533,534&#8243; posts_number=&#8221;3&#8243; show_title_and_caption=&#8221;off&#8221; show_pagination=&#8221;off&#8221; _builder_version=&#8221;4.17.0&#8243; _module_preset=&#8221;default&#8221; hover_enabled=&#8221;0&#8243; global_colors_info=&#8221;{}&#8221; sticky_enabled=&#8221;0&#8243; module_alignment=&#8221;center&#8221; max_width=&#8221;87%&#8221;][\/et_pb_gallery][et_pb_text _builder_version=&#8221;4.17.0&#8243; _module_preset=&#8221;default&#8221; text_font_size=&#8221;16px&#8221; hover_enabled=&#8221;0&#8243; global_colors_info=&#8221;{}&#8221; sticky_enabled=&#8221;0&#8243;]<\/p>\n<div class=\"p5-3dc14b8bbe76-div\">\n<p><span class=\"p5-3dc14b8bbe76-span p5-3dc14b8bbe76-text001\">Consulte por cotizaciones especiales a\u00a0<\/span><a href=\"mailto:.%20Utilizar las puntas montadas con las mismas precauciones que las ruedas de desbaste.. Insertar la piedra en el mandril tan cerca como sea posible.. No presionar en exceso.. Verificar la tabla de velocidades acorde al di\u00e1metro de la punta montada.. Utilizar protecci\u00f3n adecuada.Contamos con stock en \u00f3xido de aluminio rosado y gris pudiendo cotizar en otros materiales, granos, durezas, porosidades o pernos acorde al trabajo a realizar. Por dudas sobre la PUNTA MONTADA ideal para lo que necesitas, podes consultar nuestro cat\u00e1logo aqu\u00ed.Consulte por cotizaciones especiales aserviciotecnico@abrasivosiaepe.com.ar . \"><span class=\"p5-3dc14b8bbe76-span p5-3dc14b8bbe76-text001\">serviciotecnico@abrasivosiaepe.com.ar<\/span><\/a><\/p>\n<\/div>\n<p>[\/et_pb_text][\/et_pb_column][\/et_pb_row][et_pb_row _builder_version=&#8221;4.17.0&#8243; _module_preset=&#8221;default&#8221; hover_enabled=&#8221;0&#8243; global_colors_info=&#8221;{}&#8221; width=&#8221;76%&#8221; sticky_enabled=&#8221;0&#8243;][et_pb_column type=&#8221;4_4&#8243; _builder_version=&#8221;4.17.0&#8243; _module_preset=&#8221;default&#8221; global_colors_info=&#8221;{}&#8221;][et_pb_button button_url=&#8221;https:\/\/www.abrasivosiaepe.com.ar\/iaepe\/productos\/abrasivos-solidos\/&#8221; button_text=&#8221;Volver&#8221; _builder_version=&#8221;4.17.0&#8243; _module_preset=&#8221;default&#8221; custom_button=&#8221;on&#8221; button_text_size=&#8221;16px&#8221; button_text_color=&#8221;#00208A&#8221; button_border_width=&#8221;0px&#8221; button_font=&#8221;|600|||||||&#8221; button_icon=&#8221;&#x40;||divi||400&#8243; button_icon_placement=&#8221;left&#8221; button_on_hover=&#8221;off&#8221; global_colors_info=&#8221;{}&#8221;][\/et_pb_button][\/et_pb_column][\/et_pb_row][\/et_pb_section]<\/p>\n","protected":false},"excerpt":{"rendered":"<p>Las PUNTAS MONTADAS son piedras abrasivas fabricadas en \u00f3xido de aluminio adheridas a un v\u00e1stago de acero. Utilizadas en matricer\u00eda y en la industria metalmec\u00e1nica para el desbaste y pulido de piezas de acero sin templar, con geometr\u00edas complejas. Se designan con las letras A \/ B \/ W y un n\u00famero que en conjunto [&hellip;]<\/p>\n","protected":false},"author":1,"featured_media":0,"parent":475,"menu_order":0,"comment_status":"closed","ping_status":"closed","template":"","meta":{"_et_pb_use_builder":"on","_et_pb_old_content":"","_et_gb_content_width":"","footnotes":""},"class_list":["post-529","page","type-page","status-publish","hentry"],"_links":{"self":[{"href":"https:\/\/www.abrasivosiaepe.com.ar\/iaepe\/wp-json\/wp\/v2\/pages\/529","targetHints":{"allow":["GET"]}}],"collection":[{"href":"https:\/\/www.abrasivosiaepe.com.ar\/iaepe\/wp-json\/wp\/v2\/pages"}],"about":[{"href":"https:\/\/www.abrasivosiaepe.com.ar\/iaepe\/wp-json\/wp\/v2\/types\/page"}],"author":[{"embeddable":true,"href":"https:\/\/www.abrasivosiaepe.com.ar\/iaepe\/wp-json\/wp\/v2\/users\/1"}],"replies":[{"embeddable":true,"href":"https:\/\/www.abrasivosiaepe.com.ar\/iaepe\/wp-json\/wp\/v2\/comments?post=529"}],"version-history":[{"count":21,"href":"https:\/\/www.abrasivosiaepe.com.ar\/iaepe\/wp-json\/wp\/v2\/pages\/529\/revisions"}],"predecessor-version":[{"id":1774,"href":"https:\/\/www.abrasivosiaepe.com.ar\/iaepe\/wp-json\/wp\/v2\/pages\/529\/revisions\/1774"}],"up":[{"embeddable":true,"href":"https:\/\/www.abrasivosiaepe.com.ar\/iaepe\/wp-json\/wp\/v2\/pages\/475"}],"wp:attachment":[{"href":"https:\/\/www.abrasivosiaepe.com.ar\/iaepe\/wp-json\/wp\/v2\/media?parent=529"}],"curies":[{"name":"wp","href":"https:\/\/api.w.org\/{rel}","templated":true}]}}