{"id":558,"date":"2025-06-23T15:39:39","date_gmt":"2025-06-23T18:39:39","guid":{"rendered":"https:\/\/www.abrasivosiaepe.com.ar\/iaepe\/?page_id=558"},"modified":"2025-09-26T15:19:12","modified_gmt":"2025-09-26T18:19:12","slug":"bandas","status":"publish","type":"page","link":"https:\/\/www.abrasivosiaepe.com.ar\/iaepe\/productos\/bandas\/","title":{"rendered":"Bandas"},"content":{"rendered":"<p>[et_pb_section fb_built=&#8221;1&#8243; fullwidth=&#8221;on&#8221; _builder_version=&#8221;4.17.0&#8243; _module_preset=&#8221;default&#8221; global_colors_info=&#8221;{}&#8221;][et_pb_fullwidth_slider _builder_version=&#8221;4.17.0&#8243; _module_preset=&#8221;default&#8221; custom_padding=&#8221;||50px||false|false&#8221; global_colors_info=&#8221;{}&#8221;][et_pb_slide heading=&#8221;Bandas&#8221; _builder_version=&#8221;4.17.0&#8243; _module_preset=&#8221;default&#8221; header_font=&#8221;Actor|700|||||||&#8221; header_font_size=&#8221;60px&#8221; background_enable_color=&#8221;off&#8221; background_image=&#8221;https:\/\/www.abrasivosiaepe.com.ar\/iaepe\/wp-content\/uploads\/2025\/09\/bandas.jpg&#8221; background_enable_image=&#8221;on&#8221; custom_padding=&#8221;50px||||false|false&#8221; header_font_size_tablet=&#8221;60px&#8221; header_font_size_phone=&#8221;35px&#8221; header_font_size_last_edited=&#8221;on|phone&#8221; header_text_shadow_style=&#8221;preset5&#8243; global_colors_info=&#8221;{}&#8221; sticky_transition=&#8221;on&#8221;][\/et_pb_slide][\/et_pb_fullwidth_slider][\/et_pb_section][et_pb_section fb_built=&#8221;1&#8243; _builder_version=&#8221;4.17.0&#8243; _module_preset=&#8221;default&#8221; custom_padding=&#8221;35px|||||&#8221; global_colors_info=&#8221;{}&#8221;][et_pb_row column_structure=&#8221;3_5,2_5&#8243; _builder_version=&#8221;4.17.0&#8243; _module_preset=&#8221;default&#8221; global_colors_info=&#8221;{}&#8221;][et_pb_column type=&#8221;3_5&#8243; _builder_version=&#8221;4.17.0&#8243; _module_preset=&#8221;default&#8221; global_colors_info=&#8221;{}&#8221;][et_pb_text _builder_version=&#8221;4.17.0&#8243; _module_preset=&#8221;default&#8221; text_orientation=&#8221;justified&#8221; global_colors_info=&#8221;{}&#8221;]<\/p>\n<p>Las <strong>BANDAS ABRASIVAS<\/strong> son herramientas esenciales en procesos de lijado, desbaste y pulido, utilizadas en una gran variedad de industrias para dar terminaci\u00f3n, rectificar o preparar superficies met\u00e1licas, maderas, pl\u00e1sticos y m\u00e1s. Dependiendo del mineral con el que est\u00e1n fabricadas (\u00f3xido de aluminio, zirconio, cer\u00e1mico, Trizact, Scotch Brite, entre otros), cada banda ofrece un rendimiento espec\u00edfico en cuanto a poder de corte, durabilidad y acabado.<\/p>\n<p>[\/et_pb_text][\/et_pb_column][et_pb_column type=&#8221;2_5&#8243; _builder_version=&#8221;4.17.0&#8243; _module_preset=&#8221;default&#8221; global_colors_info=&#8221;{}&#8221;][et_pb_image src=&#8221;https:\/\/www.abrasivosiaepe.com.ar\/iaepe\/wp-content\/uploads\/2025\/09\/bandas-1.jpg&#8221; title_text=&#8221;bandas&#8221; _builder_version=&#8221;4.17.0&#8243; _module_preset=&#8221;default&#8221; width=&#8221;85%&#8221; global_colors_info=&#8221;{}&#8221;][\/et_pb_image][\/et_pb_column][\/et_pb_row][et_pb_row _builder_version=&#8221;4.17.0&#8243; _module_preset=&#8221;default&#8221; custom_padding=&#8221;0px|||||&#8221; global_colors_info=&#8221;{}&#8221;][et_pb_column type=&#8221;4_4&#8243; _builder_version=&#8221;4.17.0&#8243; _module_preset=&#8221;default&#8221; global_colors_info=&#8221;{}&#8221;][et_pb_text _builder_version=&#8221;4.17.0&#8243; _module_preset=&#8221;default&#8221; text_orientation=&#8221;justified&#8221; global_colors_info=&#8221;{}&#8221;]<\/p>\n<p>En este contexto, <strong>IAEPE Abrasivos<\/strong> se destaca como distribuidor y convertidor especializado de bandas abrasivas, brindando a sus clientes no solo una amplia gama de productos, sino tambi\u00e9n la posibilidad de adaptarlos a medidas y necesidades puntuales de cada proceso productivo. Su experiencia en el rubro, sumada a la calidad de las marcas que representa, garantiza soluciones abrasivas confiables y de alto rendimiento para distintas aplicaciones industriales.<\/p>\n<p>[\/et_pb_text][\/et_pb_column][\/et_pb_row][et_pb_row column_structure=&#8221;1_3,1_3,1_3&#8243; _builder_version=&#8221;4.17.0&#8243; _module_preset=&#8221;default&#8221; global_colors_info=&#8221;{}&#8221;][et_pb_column type=&#8221;1_3&#8243; _builder_version=&#8221;4.17.0&#8243; _module_preset=&#8221;default&#8221; link_option_url=&#8221;https:\/\/www.abrasivosiaepe.com.ar\/iaepe\/productos\/bandas\/bandas-de-oxido-de-aluminio\/&#8221; global_colors_info=&#8221;{}&#8221;][et_pb_image src=&#8221;https:\/\/www.abrasivosiaepe.com.ar\/iaepe\/wp-content\/uploads\/2025\/06\/oxido.jpg&#8221; title_text=&#8221;oxido&#8221; _builder_version=&#8221;4.17.0&#8243; _module_preset=&#8221;default&#8221; custom_margin=&#8221;||14px|||&#8221; border_radii=&#8221;on|10px|10px|10px|10px&#8221; border_width_all=&#8221;2px&#8221; border_color_all=&#8221;#D6D6D6&#8243; global_colors_info=&#8221;{}&#8221;][\/et_pb_image][et_pb_text _builder_version=&#8221;4.17.0&#8243; _module_preset=&#8221;default&#8221; text_font=&#8221;|600||on|||||&#8221; text_text_color=&#8221;#011b78&#8243; text_font_size=&#8221;16px&#8221; text_orientation=&#8221;center&#8221; global_colors_info=&#8221;{}&#8221;]<\/p>\n<p>\u00d3XIDO DE ALUMINO<\/p>\n<p>[\/et_pb_text][\/et_pb_column][et_pb_column type=&#8221;1_3&#8243; _builder_version=&#8221;4.17.0&#8243; _module_preset=&#8221;default&#8221; link_option_url=&#8221;https:\/\/www.abrasivosiaepe.com.ar\/iaepe\/productos\/bandas\/bandas-de-scotch-brite\/&#8221; global_colors_info=&#8221;{}&#8221;][et_pb_image src=&#8221;https:\/\/www.abrasivosiaepe.com.ar\/iaepe\/wp-content\/uploads\/2025\/06\/scotch.jpg&#8221; title_text=&#8221;scotch&#8221; _builder_version=&#8221;4.17.0&#8243; _module_preset=&#8221;default&#8221; custom_margin=&#8221;||14px|||&#8221; border_radii=&#8221;on|10px|10px|10px|10px&#8221; border_width_all=&#8221;2px&#8221; border_color_all=&#8221;#D6D6D6&#8243; global_colors_info=&#8221;{}&#8221;][\/et_pb_image][et_pb_text _builder_version=&#8221;4.17.0&#8243; _module_preset=&#8221;default&#8221; text_font=&#8221;|600||on|||||&#8221; text_text_color=&#8221;#011b78&#8243; text_font_size=&#8221;16px&#8221; text_orientation=&#8221;center&#8221; global_colors_info=&#8221;{}&#8221;]<\/p>\n<p>SCOTCH BRITE<\/p>\n<p>[\/et_pb_text][\/et_pb_column][et_pb_column type=&#8221;1_3&#8243; _builder_version=&#8221;4.17.0&#8243; _module_preset=&#8221;default&#8221; link_option_url=&#8221;https:\/\/www.abrasivosiaepe.com.ar\/iaepe\/productos\/bandas\/bandas-de-trizact\/&#8221; global_colors_info=&#8221;{}&#8221;][et_pb_image src=&#8221;https:\/\/www.abrasivosiaepe.com.ar\/iaepe\/wp-content\/uploads\/2025\/06\/trizarc.jpg&#8221; title_text=&#8221;trizarc&#8221; _builder_version=&#8221;4.17.0&#8243; _module_preset=&#8221;default&#8221; custom_margin=&#8221;||14px|||&#8221; border_radii=&#8221;on|10px|10px|10px|10px&#8221; border_width_all=&#8221;2px&#8221; border_color_all=&#8221;#D6D6D6&#8243; global_colors_info=&#8221;{}&#8221;][\/et_pb_image][et_pb_text _builder_version=&#8221;4.17.0&#8243; _module_preset=&#8221;default&#8221; text_font=&#8221;|600||on|||||&#8221; text_text_color=&#8221;#011b78&#8243; text_font_size=&#8221;16px&#8221; text_orientation=&#8221;center&#8221; global_colors_info=&#8221;{}&#8221;]<\/p>\n<p>TRIZACT<\/p>\n<p>[\/et_pb_text][\/et_pb_column][\/et_pb_row][et_pb_row column_structure=&#8221;1_3,1_3,1_3&#8243; _builder_version=&#8221;4.17.0&#8243; _module_preset=&#8221;default&#8221; global_colors_info=&#8221;{}&#8221;][et_pb_column type=&#8221;1_3&#8243; _builder_version=&#8221;4.17.0&#8243; _module_preset=&#8221;default&#8221; link_option_url=&#8221;https:\/\/www.abrasivosiaepe.com.ar\/iaepe\/productos\/bandas\/bandas-de-oxido-de-aluminio-ceramico\/&#8221; global_colors_info=&#8221;{}&#8221;][et_pb_image src=&#8221;https:\/\/www.abrasivosiaepe.com.ar\/iaepe\/wp-content\/uploads\/2025\/06\/zisconio.jpg&#8221; title_text=&#8221;zisconio&#8221; _builder_version=&#8221;4.17.0&#8243; _module_preset=&#8221;default&#8221; custom_margin=&#8221;||14px|||&#8221; border_radii=&#8221;on|10px|10px|10px|10px&#8221; border_width_all=&#8221;2px&#8221; border_color_all=&#8221;#D6D6D6&#8243; global_colors_info=&#8221;{}&#8221;][\/et_pb_image][et_pb_text _builder_version=&#8221;4.17.0&#8243; _module_preset=&#8221;default&#8221; text_font=&#8221;|600||on|||||&#8221; text_text_color=&#8221;#011b78&#8243; text_font_size=&#8221;16px&#8221; text_orientation=&#8221;center&#8221; global_colors_info=&#8221;{}&#8221;]<\/p>\n<p><span>cubitron<\/span><\/p>\n<p>[\/et_pb_text][\/et_pb_column][et_pb_column type=&#8221;1_3&#8243; _builder_version=&#8221;4.17.0&#8243; _module_preset=&#8221;default&#8221; link_option_url=&#8221;https:\/\/www.abrasivosiaepe.com.ar\/iaepe\/productos\/bandas\/bandas-de-zirconio\/&#8221; global_colors_info=&#8221;{}&#8221;][et_pb_image src=&#8221;https:\/\/www.abrasivosiaepe.com.ar\/iaepe\/wp-content\/uploads\/2025\/09\/zisconio-1.jpg&#8221; title_text=&#8221;zisconio&#8221; _builder_version=&#8221;4.17.0&#8243; _module_preset=&#8221;default&#8221; custom_margin=&#8221;||14px|||&#8221; hover_enabled=&#8221;0&#8243; border_radii=&#8221;on|10px|10px|10px|10px&#8221; border_width_all=&#8221;2px&#8221; border_color_all=&#8221;#D6D6D6&#8243; global_colors_info=&#8221;{}&#8221; sticky_enabled=&#8221;0&#8243;][\/et_pb_image][et_pb_text _builder_version=&#8221;4.17.0&#8243; _module_preset=&#8221;default&#8221; text_font=&#8221;|600||on|||||&#8221; text_text_color=&#8221;#011b78&#8243; text_font_size=&#8221;16px&#8221; text_orientation=&#8221;center&#8221; global_colors_info=&#8221;{}&#8221;]<\/p>\n<p>ZIRCONIO<\/p>\n<p>[\/et_pb_text][\/et_pb_column][et_pb_column type=&#8221;1_3&#8243; _builder_version=&#8221;4.17.0&#8243; _module_preset=&#8221;default&#8221; link_option_url=&#8221;https:\/\/www.abrasivosiaepe.com.ar\/iaepe\/productos\/bandas\/bandas-de-zirconio\/&#8221; global_colors_info=&#8221;{}&#8221;][et_pb_image src=&#8221;https:\/\/www.abrasivosiaepe.com.ar\/iaepe\/wp-content\/uploads\/2025\/06\/zisconio.jpg&#8221; title_text=&#8221;zisconio&#8221; _builder_version=&#8221;4.17.0&#8243; _module_preset=&#8221;default&#8221; custom_margin=&#8221;||14px|||&#8221; border_radii=&#8221;on|10px|10px|10px|10px&#8221; border_width_all=&#8221;2px&#8221; border_color_all=&#8221;#D6D6D6&#8243; global_colors_info=&#8221;{}&#8221;][\/et_pb_image][et_pb_text _builder_version=&#8221;4.17.0&#8243; _module_preset=&#8221;default&#8221; text_font=&#8221;|600||on|||||&#8221; text_text_color=&#8221;#011b78&#8243; text_font_size=&#8221;16px&#8221; text_orientation=&#8221;center&#8221; global_colors_info=&#8221;{}&#8221;]<\/p>\n<p>carburo<\/p>\n<p>[\/et_pb_text][\/et_pb_column][\/et_pb_row][\/et_pb_section]<\/p>\n","protected":false},"excerpt":{"rendered":"<p>Las BANDAS ABRASIVAS son herramientas esenciales en procesos de lijado, desbaste y pulido, utilizadas en una gran variedad de industrias para dar terminaci\u00f3n, rectificar o preparar superficies met\u00e1licas, maderas, pl\u00e1sticos y m\u00e1s. Dependiendo del mineral con el que est\u00e1n fabricadas (\u00f3xido de aluminio, zirconio, cer\u00e1mico, Trizact, Scotch Brite, entre otros), cada banda ofrece un rendimiento [&hellip;]<\/p>\n","protected":false},"author":1,"featured_media":0,"parent":126,"menu_order":0,"comment_status":"closed","ping_status":"closed","template":"","meta":{"_et_pb_use_builder":"on","_et_pb_old_content":"","_et_gb_content_width":"","footnotes":""},"class_list":["post-558","page","type-page","status-publish","hentry"],"_links":{"self":[{"href":"https:\/\/www.abrasivosiaepe.com.ar\/iaepe\/wp-json\/wp\/v2\/pages\/558","targetHints":{"allow":["GET"]}}],"collection":[{"href":"https:\/\/www.abrasivosiaepe.com.ar\/iaepe\/wp-json\/wp\/v2\/pages"}],"about":[{"href":"https:\/\/www.abrasivosiaepe.com.ar\/iaepe\/wp-json\/wp\/v2\/types\/page"}],"author":[{"embeddable":true,"href":"https:\/\/www.abrasivosiaepe.com.ar\/iaepe\/wp-json\/wp\/v2\/users\/1"}],"replies":[{"embeddable":true,"href":"https:\/\/www.abrasivosiaepe.com.ar\/iaepe\/wp-json\/wp\/v2\/comments?post=558"}],"version-history":[{"count":15,"href":"https:\/\/www.abrasivosiaepe.com.ar\/iaepe\/wp-json\/wp\/v2\/pages\/558\/revisions"}],"predecessor-version":[{"id":1404,"href":"https:\/\/www.abrasivosiaepe.com.ar\/iaepe\/wp-json\/wp\/v2\/pages\/558\/revisions\/1404"}],"up":[{"embeddable":true,"href":"https:\/\/www.abrasivosiaepe.com.ar\/iaepe\/wp-json\/wp\/v2\/pages\/126"}],"wp:attachment":[{"href":"https:\/\/www.abrasivosiaepe.com.ar\/iaepe\/wp-json\/wp\/v2\/media?parent=558"}],"curies":[{"name":"wp","href":"https:\/\/api.w.org\/{rel}","templated":true}]}}