{"id":808,"date":"2025-09-02T16:29:27","date_gmt":"2025-09-02T19:29:27","guid":{"rendered":"https:\/\/www.abrasivosiaepe.com.ar\/iaepe\/?page_id=808"},"modified":"2026-05-06T09:09:25","modified_gmt":"2026-05-06T12:09:25","slug":"ruedas-y-rodillos","status":"publish","type":"page","link":"https:\/\/www.abrasivosiaepe.com.ar\/iaepe\/productos\/abrasivos-scotch-brite\/ruedas-y-rodillos\/","title":{"rendered":"Ruedas y rodillos"},"content":{"rendered":"<p>[et_pb_section fb_built=&#8221;1&#8243; fullwidth=&#8221;on&#8221; _builder_version=&#8221;4.17.0&#8243; _module_preset=&#8221;default&#8221; global_colors_info=&#8221;{}&#8221;][et_pb_fullwidth_slider _builder_version=&#8221;4.17.0&#8243; _module_preset=&#8221;default&#8221; custom_padding=&#8221;||50px||false|false&#8221; global_colors_info=&#8221;{}&#8221;][et_pb_slide heading=&#8221;Ruedas y rodillos&#8221; _builder_version=&#8221;4.17.0&#8243; _module_preset=&#8221;default&#8221; header_font=&#8221;Actor|700|||||||&#8221; header_font_size=&#8221;60px&#8221; background_enable_color=&#8221;off&#8221; background_image=&#8221;https:\/\/www.abrasivosiaepe.com.ar\/iaepe\/wp-content\/uploads\/2025\/09\/titruedas.jpg&#8221; background_enable_image=&#8221;on&#8221; custom_padding=&#8221;50px||||false|false&#8221; header_font_size_tablet=&#8221;60px&#8221; header_font_size_phone=&#8221;35px&#8221; header_font_size_last_edited=&#8221;on|phone&#8221; header_text_shadow_style=&#8221;preset5&#8243; global_colors_info=&#8221;{}&#8221; sticky_transition=&#8221;on&#8221;][\/et_pb_slide][\/et_pb_fullwidth_slider][\/et_pb_section][et_pb_section fb_built=&#8221;1&#8243; _builder_version=&#8221;4.17.0&#8243; _module_preset=&#8221;default&#8221; custom_padding=&#8221;35px|||||&#8221; global_colors_info=&#8221;{}&#8221;][et_pb_row column_structure=&#8221;2_5,3_5&#8243; _builder_version=&#8221;4.17.0&#8243; _module_preset=&#8221;default&#8221; custom_padding=&#8221;5px||4px|||&#8221; hover_enabled=&#8221;0&#8243; global_colors_info=&#8221;{}&#8221; sticky_enabled=&#8221;0&#8243; use_custom_gutter=&#8221;on&#8221; gutter_width=&#8221;2&#8243;][et_pb_column type=&#8221;2_5&#8243; _builder_version=&#8221;4.17.0&#8243; _module_preset=&#8221;default&#8221; global_colors_info=&#8221;{}&#8221;][et_pb_image src=&#8221;https:\/\/www.abrasivosiaepe.com.ar\/iaepe\/wp-content\/uploads\/2026\/05\/rudas.jpg&#8221; title_text=&#8221;rudas&#8221; _builder_version=&#8221;4.17.0&#8243; _module_preset=&#8221;default&#8221; width=&#8221;80%&#8221; hover_enabled=&#8221;0&#8243; global_colors_info=&#8221;{}&#8221; show_in_lightbox=&#8221;on&#8221; sticky_enabled=&#8221;0&#8243;][\/et_pb_image][\/et_pb_column][et_pb_column type=&#8221;3_5&#8243; _builder_version=&#8221;4.17.0&#8243; _module_preset=&#8221;default&#8221; global_colors_info=&#8221;{}&#8221;][et_pb_text _builder_version=&#8221;4.17.0&#8243; _module_preset=&#8221;default&#8221; text_orientation=&#8221;justified&#8221; hover_enabled=&#8221;0&#8243; global_colors_info=&#8221;{}&#8221; sticky_enabled=&#8221;0&#8243;]<\/p>\n<p style=\"text-align: justify;\">Las <strong>RUEDAS DE SCOTCH BRITE<\/strong> est\u00e1n dise\u00f1adas para operaciones de acabado, limpieza y acondicionamiento de superficies sin remover excesivamente el material base.<\/p>\n<p style=\"text-align: justify;\">Se utilizan en m\u00e1quinas de banco o equipos industriales para satinado, eliminaci\u00f3n de \u00f3xido, limpieza de soldaduras y preparaci\u00f3n de superficies antes de pintar o recubrir.<\/p>\n<p style=\"text-align: justify;\">Gracias a su estructura de fibra abierta impregnada con mineral abrasivo, permiten trabajar de forma uniforme, evitando rayaduras profundas y manteniendo la geometr\u00eda de la pieza.<\/p>\n<p>[\/et_pb_text][\/et_pb_column][\/et_pb_row][et_pb_row _builder_version=&#8221;4.17.0&#8243; _module_preset=&#8221;default&#8221; custom_padding=&#8221;5px||4px|||&#8221; global_colors_info=&#8221;{}&#8221;][et_pb_column type=&#8221;4_4&#8243; _builder_version=&#8221;4.17.0&#8243; _module_preset=&#8221;default&#8221; global_colors_info=&#8221;{}&#8221;][et_pb_text _builder_version=&#8221;4.17.0&#8243; _module_preset=&#8221;default&#8221; hover_enabled=&#8221;0&#8243; global_colors_info=&#8221;{}&#8221; sticky_enabled=&#8221;0&#8243;]<\/p>\n<p>\u00a0Adem\u00e1s, ofrecen larga vida \u00fatil y un acabado consistente en distintos tipos de metales como acero, acero inoxidable, aluminio y otras aleaciones.<\/p>\n<p>[\/et_pb_text][et_pb_gallery gallery_ids=&#8221;1307,1308,1309,1310,1311&#8243; show_title_and_caption=&#8221;off&#8221; show_pagination=&#8221;off&#8221; _builder_version=&#8221;4.17.0&#8243; _module_preset=&#8221;default&#8221; min_height=&#8221;118.3px&#8221; hover_enabled=&#8221;0&#8243; global_colors_info=&#8221;{}&#8221; custom_padding=&#8221;0px||2px|||&#8221; sticky_enabled=&#8221;0&#8243; custom_margin=&#8221;||2px|||&#8221;][\/et_pb_gallery][et_pb_text _builder_version=&#8221;4.17.0&#8243; _module_preset=&#8221;default&#8221; hover_enabled=&#8221;0&#8243; global_colors_info=&#8221;{}&#8221; sticky_enabled=&#8221;0&#8243;]<\/p>\n<p>Contamos con stock permanente de <strong>RUEDAS DE SCOTCH BRITE<\/strong>, en todos los colores, en las siguientes medidas con o sin centro de madera a 16 mm.:<\/p>\n<p>&#8211; 150 x 50 x 54 mm.<br \/>&#8211; 200 x 50 x 105 mm.<br \/>&#8211; 200 x 25 x 105 mm.<\/p>\n<p>Tambi\u00e9n con stock de <strong>RODILLOS DE SCOTCH BRITE<\/strong>, de todos los colores en las siguientes medidas:<\/p>\n<p>&#8211; 115 x 50 mm. M14<br \/>&#8211; 115 x 100 mm. M14<\/p>\n<p>Adem\u00e1s, tenemos ruedas y rodillos combinados con fibra y lija en distintas granulometr\u00edas en las siguientes medidas:<\/p>\n<p>&#8211; 115 x 50 mm. M14<br \/>&#8211; 115 x 100 mm. M14<br \/>&#8211; 200 x 50 x 105 mm.<\/p>\n<p>Somos fabricantes de ruedas y rodillos de <strong>Scotch Brite<\/strong> en distintas medidas, colores y materiales, como as\u00ed tambi\u00e9n combinaciones. Podemos fabricar rodillos de di\u00e1metro 150 o 200 mm. de hasta 1,50 Mts.<\/p>\n<p>Consulta por cotizaciones especiales <a href=\"mailto:serviciotecnico@abrasivosiaepe.com.ar\">serviciotecnico@abrasivosiaepe.com.ar<\/a><\/p>\n<p>[\/et_pb_text][et_pb_button button_url=&#8221;https:\/\/www.abrasivosiaepe.com.ar\/iaepe\/productos\/abrasivos-scotch-brite\/&#8221; button_text=&#8221;Volver&#8221; _builder_version=&#8221;4.17.0&#8243; _module_preset=&#8221;default&#8221; custom_button=&#8221;on&#8221; button_text_size=&#8221;16px&#8221; button_text_color=&#8221;#00208A&#8221; button_border_width=&#8221;0px&#8221; button_font=&#8221;|600|||||||&#8221; button_icon=&#8221;&#x40;||divi||400&#8243; button_icon_placement=&#8221;left&#8221; button_on_hover=&#8221;off&#8221; global_colors_info=&#8221;{}&#8221;][\/et_pb_button][\/et_pb_column][\/et_pb_row][\/et_pb_section]<\/p>\n","protected":false},"excerpt":{"rendered":"<p>Las RUEDAS DE SCOTCH BRITE est\u00e1n dise\u00f1adas para operaciones de acabado, limpieza y acondicionamiento de superficies sin remover excesivamente el material base. Se utilizan en m\u00e1quinas de banco o equipos industriales para satinado, eliminaci\u00f3n de \u00f3xido, limpieza de soldaduras y preparaci\u00f3n de superficies antes de pintar o recubrir. Gracias a su estructura de fibra abierta [&hellip;]<\/p>\n","protected":false},"author":1,"featured_media":0,"parent":539,"menu_order":0,"comment_status":"closed","ping_status":"closed","template":"","meta":{"_et_pb_use_builder":"on","_et_pb_old_content":"","_et_gb_content_width":"","footnotes":""},"class_list":["post-808","page","type-page","status-publish","hentry"],"_links":{"self":[{"href":"https:\/\/www.abrasivosiaepe.com.ar\/iaepe\/wp-json\/wp\/v2\/pages\/808","targetHints":{"allow":["GET"]}}],"collection":[{"href":"https:\/\/www.abrasivosiaepe.com.ar\/iaepe\/wp-json\/wp\/v2\/pages"}],"about":[{"href":"https:\/\/www.abrasivosiaepe.com.ar\/iaepe\/wp-json\/wp\/v2\/types\/page"}],"author":[{"embeddable":true,"href":"https:\/\/www.abrasivosiaepe.com.ar\/iaepe\/wp-json\/wp\/v2\/users\/1"}],"replies":[{"embeddable":true,"href":"https:\/\/www.abrasivosiaepe.com.ar\/iaepe\/wp-json\/wp\/v2\/comments?post=808"}],"version-history":[{"count":14,"href":"https:\/\/www.abrasivosiaepe.com.ar\/iaepe\/wp-json\/wp\/v2\/pages\/808\/revisions"}],"predecessor-version":[{"id":1812,"href":"https:\/\/www.abrasivosiaepe.com.ar\/iaepe\/wp-json\/wp\/v2\/pages\/808\/revisions\/1812"}],"up":[{"embeddable":true,"href":"https:\/\/www.abrasivosiaepe.com.ar\/iaepe\/wp-json\/wp\/v2\/pages\/539"}],"wp:attachment":[{"href":"https:\/\/www.abrasivosiaepe.com.ar\/iaepe\/wp-json\/wp\/v2\/media?parent=808"}],"curies":[{"name":"wp","href":"https:\/\/api.w.org\/{rel}","templated":true}]}}